{"id":532,"date":"2019-11-04T11:41:59","date_gmt":"2019-11-04T11:41:59","guid":{"rendered":"http:\/\/www.gb-fashion.si\/?page_id=532"},"modified":"2025-03-10T09:45:45","modified_gmt":"2025-03-10T09:45:45","slug":"big-star-slovenija","status":"publish","type":"page","link":"https:\/\/www.gb-fashion.si\/en\/big-star-slovenija\/","title":{"rendered":"Big Star"},"content":{"rendered":"<div class='flex_column_table av-equal-height-column-flextable -flextable' ><div class=\"flex_column av_one_half  flex_column_table_cell av-equal-height-column av-align-top av-zero-column-padding first  avia-builder-el-0  el_before_av_one_half  avia-builder-el-first\" style='border-radius:0px; '><p><div  class='avia-image-container  av-styling-    avia-builder-el-1  el_before_av_textblock  avia-builder-el-first  avia-align-center'  itemprop=\"image\" itemscope=\"itemscope\" itemtype=\"https:\/\/schema.org\/ImageObject\"  ><div class='avia-image-container-inner'><div class='avia-image-overlay-wrap'><img class='avia_image' src='https:\/\/www.gb-fashion.si\/wp-content\/uploads\/2019\/11\/bigstarlogo_popravljen-1-300x110.jpg' alt='' title='bigstarlogo_popravljen' height=\"110\" width=\"300\"  itemprop=\"thumbnailUrl\"  \/><\/div><\/div><\/div><br \/>\n<section class=\"av_textblock_section\"  itemscope=\"itemscope\" itemtype=\"https:\/\/schema.org\/CreativeWork\" ><div class='avia_textblock'   itemprop=\"text\" ><div class=\"gmail-layout-content gmail-promo-open\">\n<h2>Moda v stilu BIG STAR?\u00a0To je blagovna znamka \u017eenskih in mo\u0161kih kavbojk, vendar ne samo to!<\/h2>\n<div>Moda BIG STAR ponuja modna obla\u010dila, obutev in dodatke.\u00a0\u017denska in mo\u0161ka obla\u010dila,\u00a0 so kombinacija visokokakovostne izdelave, sodobnega dizajna in najnovej\u0161ih trendov.\u00a0Na\u0161 znak so predvsem kavbojke z blagovno znamko, vendar na\u0161a ponudba vklju\u010duje veliko ve\u010d kategorij izdelkov.\u00a0\u017denska obla\u010dila vklju\u010dujejo\u00a0Navadne in potiskane majice, puloverji in jopice.\u00a0Mo\u0161ka obla\u010dila &#8211; uniforme in vzor\u010daste majice, elegantne polo majice ali jeans jakne.\u00a0Ne pozabimo na modne in udobne \u010devlje ter \u0161tevilne elegantne dodatke &#8230; \u0160iroka ponudba znamke BIG STAR bo razveselila vse ljubitelje mode.<\/div>\n<div>Na\u0161a nova kolekcija je kombinacija najnovej\u0161ih trendov s klasi\u010dnimi, brez\u010dasnimi kroji.\u00a0Zahvaljujo\u010d temu bodo \u017eenska in mo\u0161ka obla\u010dila popolna tudi v naslednjih sezonah.\u00a0Univerzalne majice, elegantne katane, modni puloverji in puloverji v najbolj priljubljenih barvah so le nekateri izmed na\u0161ih predlogov.\u00a0Seveda ne morete prezreti kavbojk z blagovno znamko &#8211; tako novih kot ikoni\u010dnih modelov &#8211; uspe\u0161nice \u017ee leta!\u00a0Klasi\u010dne denim hla\u010de so nujne za vsako garderobo.\u00a0Med nove izdelke znamke BIG STAR sodijo tudi nahrbtniki, torbe, visokokakovostni usnjeni pasovi, pohodni\u0161ki \u010devlji in \u010devlji.\u00a0Vse, kar je potrebno za ljudi, ki cenijo udobje in sodoben dizajn.<\/div>\n<div>Seveda v na\u0161i spletni trgovini BIG STAR ponujamo tudi klasi\u010dna in brez\u010dasna obla\u010dila in dodatke, torej osnovne.\u00a0Navadne majice in srajce, najbolj univerzalne denim hla\u010de, puloverji ravno kroja &#8230; To je le nekaj predmetov iz osnovne kolekcije BIG STAR.<\/div>\n<div>Blagovna znamka BIG STAR ponuja tudi modno, udobno obutev.\u00a0Elegantni \u010devlji ali \u0161portni copati?\u00a0Originalne superge ali morda usnjeni \u010devlji?\u00a0Tu se ne morete zmotiti &#8211; vsaka izbira bo zadela!\u00a0Enako velja za nakup modnih son\u010dnih o\u010dal, blagovne znamke baseball kape ali prostorne denarnice.<\/div>\n<div>Z obla\u010dili in obutvijo BIG STAR bo vsaka obleka modna in udobna. Ustvarjamo visokokakovostna obla\u010dila, obutev in dodatke. U\u017eivajte v nakupovanju!<\/div>\n<\/div>\n<div><\/div>\n<div><\/div>\n<div><\/div>\n<div><\/div>\n<div class=\"gmail-layout-content gmail-promo-open\"><\/div>\n<div><\/div>\n<\/div><\/section><\/p><\/div><div class='av-flex-placeholder'><\/div><div class=\"flex_column av_one_half  flex_column_table_cell av-equal-height-column av-align-top av-zero-column-padding   avia-builder-el-3  el_after_av_one_half  avia-builder-el-last\" style='border-radius:0px; '><div id='av-masonry-1' class='av-masonry  noHover av-fixed-size av-large-gap av-hover-overlay-active av-masonry-animation-active av-masonry-col-3 av-caption-always av-caption-style- av-masonry-gallery'  ><div class='av-masonry-container isotope av-js-disabled' ><div class='av-masonry-entry isotope-item av-masonry-item-no-image'><\/div><a href=\"https:\/\/www.gb-fashion.si\/wp-content\/uploads\/2021\/01\/big_star_13-1-773x1030.png\" id='av-masonry-1-item-1149' data-av-masonry-item='1149' class='av-masonry-entry isotope-item post-1149 attachment type-attachment status-inherit hentry  av-masonry-item-with-image av-grid-img' title=\"big_star_13-1\"  itemprop=\"thumbnailUrl\" ><div class='av-inner-masonry-sizer'><\/div><figure class='av-inner-masonry main_color'><div class=\"av-masonry-outerimage-container\"><div class=\"av-masonry-image-container\" style=\"background-image: url(https:\/\/www.gb-fashion.si\/wp-content\/uploads\/2021\/01\/big_star_13-1-529x705.png);\" title=\"big_star_13-1\" ><\/div><\/div><\/figure><\/a><!--end av-masonry entry--><a href=\"https:\/\/www.gb-fashion.si\/wp-content\/uploads\/2019\/11\/bs14-min.jpg\" id='av-masonry-1-item-696' data-av-masonry-item='696' class='av-masonry-entry isotope-item post-696 attachment type-attachment status-inherit hentry  av-masonry-item-with-image av-grid-img' title=\"bs14-min\"  itemprop=\"thumbnailUrl\" ><div class='av-inner-masonry-sizer'><\/div><figure class='av-inner-masonry main_color'><div class=\"av-masonry-outerimage-container\"><div class=\"av-masonry-image-container\" style=\"background-image: url(https:\/\/www.gb-fashion.si\/wp-content\/uploads\/2019\/11\/bs14-min-484x705.jpg);\" title=\"bs14-min\" ><\/div><\/div><\/figure><\/a><!--end av-masonry entry--><a href=\"https:\/\/www.gb-fashion.si\/wp-content\/uploads\/2019\/11\/bs13-min.jpg\" id='av-masonry-1-item-695' data-av-masonry-item='695' class='av-masonry-entry isotope-item post-695 attachment type-attachment status-inherit hentry  av-masonry-item-with-image av-grid-img' title=\"bs13-min\"  itemprop=\"thumbnailUrl\" ><div class='av-inner-masonry-sizer'><\/div><figure class='av-inner-masonry main_color'><div class=\"av-masonry-outerimage-container\"><div class=\"av-masonry-image-container\" style=\"background-image: url(https:\/\/www.gb-fashion.si\/wp-content\/uploads\/2019\/11\/bs13-min-470x705.jpg);\" title=\"bs13-min\" ><\/div><\/div><\/figure><\/a><!--end av-masonry entry--><a href=\"https:\/\/www.gb-fashion.si\/wp-content\/uploads\/2019\/11\/bs12-min.jpg\" id='av-masonry-1-item-694' data-av-masonry-item='694' class='av-masonry-entry isotope-item post-694 attachment type-attachment status-inherit hentry  av-masonry-item-with-image av-grid-img' title=\"bs12-min\"  itemprop=\"thumbnailUrl\" ><div class='av-inner-masonry-sizer'><\/div><figure class='av-inner-masonry main_color'><div class=\"av-masonry-outerimage-container\"><div class=\"av-masonry-image-container\" style=\"background-image: url(https:\/\/www.gb-fashion.si\/wp-content\/uploads\/2019\/11\/bs12-min-484x705.jpg);\" title=\"bs12-min\" ><\/div><\/div><\/figure><\/a><!--end av-masonry entry--><a href=\"https:\/\/www.gb-fashion.si\/wp-content\/uploads\/2019\/11\/bs11-min.jpg\" id='av-masonry-1-item-693' data-av-masonry-item='693' class='av-masonry-entry isotope-item post-693 attachment type-attachment status-inherit hentry  av-masonry-item-with-image av-grid-img' title=\"bs11-min\"  itemprop=\"thumbnailUrl\" ><div class='av-inner-masonry-sizer'><\/div><figure class='av-inner-masonry main_color'><div class=\"av-masonry-outerimage-container\"><div class=\"av-masonry-image-container\" style=\"background-image: url(https:\/\/www.gb-fashion.si\/wp-content\/uploads\/2019\/11\/bs11-min-470x705.jpg);\" title=\"bs11-min\" ><\/div><\/div><\/figure><\/a><!--end av-masonry entry--><a href=\"https:\/\/www.gb-fashion.si\/wp-content\/uploads\/2019\/11\/bs10-min.jpg\" id='av-masonry-1-item-692' data-av-masonry-item='692' class='av-masonry-entry isotope-item post-692 attachment type-attachment status-inherit hentry  av-masonry-item-with-image av-grid-img' title=\"bs10-min\"  itemprop=\"thumbnailUrl\" ><div class='av-inner-masonry-sizer'><\/div><figure class='av-inner-masonry main_color'><div class=\"av-masonry-outerimage-container\"><div class=\"av-masonry-image-container\" style=\"background-image: url(https:\/\/www.gb-fashion.si\/wp-content\/uploads\/2019\/11\/bs10-min-470x705.jpg);\" title=\"bs10-min\" ><\/div><\/div><\/figure><\/a><!--end av-masonry entry--><a href=\"https:\/\/www.gb-fashion.si\/wp-content\/uploads\/2019\/11\/bs9-min.jpg\" id='av-masonry-1-item-691' data-av-masonry-item='691' class='av-masonry-entry isotope-item post-691 attachment type-attachment status-inherit hentry  av-masonry-item-with-image av-grid-img' title=\"bs9-min\"  itemprop=\"thumbnailUrl\" ><div class='av-inner-masonry-sizer'><\/div><figure class='av-inner-masonry main_color'><div class=\"av-masonry-outerimage-container\"><div class=\"av-masonry-image-container\" style=\"background-image: url(https:\/\/www.gb-fashion.si\/wp-content\/uploads\/2019\/11\/bs9-min-470x705.jpg);\" title=\"bs9-min\" ><\/div><\/div><\/figure><\/a><!--end av-masonry entry--><a href=\"https:\/\/www.gb-fashion.si\/wp-content\/uploads\/2019\/11\/bs8-min.jpg\" id='av-masonry-1-item-690' data-av-masonry-item='690' class='av-masonry-entry isotope-item post-690 attachment type-attachment status-inherit hentry  av-masonry-item-with-image av-grid-img' title=\"bs8-min\"  itemprop=\"thumbnailUrl\" ><div class='av-inner-masonry-sizer'><\/div><figure class='av-inner-masonry main_color'><div class=\"av-masonry-outerimage-container\"><div class=\"av-masonry-image-container\" style=\"background-image: url(https:\/\/www.gb-fashion.si\/wp-content\/uploads\/2019\/11\/bs8-min-470x705.jpg);\" title=\"bs8-min\" ><\/div><\/div><\/figure><\/a><!--end av-masonry entry--><a href=\"https:\/\/www.gb-fashion.si\/wp-content\/uploads\/2019\/11\/bs7-min.jpg\" id='av-masonry-1-item-689' data-av-masonry-item='689' class='av-masonry-entry isotope-item post-689 attachment type-attachment status-inherit hentry  av-masonry-item-with-image av-grid-img' title=\"bs7-min\"  itemprop=\"thumbnailUrl\" ><div class='av-inner-masonry-sizer'><\/div><figure class='av-inner-masonry main_color'><div class=\"av-masonry-outerimage-container\"><div class=\"av-masonry-image-container\" style=\"background-image: url(https:\/\/www.gb-fashion.si\/wp-content\/uploads\/2019\/11\/bs7-min-470x705.jpg);\" title=\"bs7-min\" ><\/div><\/div><\/figure><\/a><!--end av-masonry entry--><a href=\"https:\/\/www.gb-fashion.si\/wp-content\/uploads\/2019\/11\/bs5-min.jpg\" id='av-masonry-1-item-687' data-av-masonry-item='687' class='av-masonry-entry isotope-item post-687 attachment type-attachment status-inherit hentry  av-masonry-item-with-image av-grid-img' title=\"bs5-min\"  itemprop=\"thumbnailUrl\" ><div class='av-inner-masonry-sizer'><\/div><figure class='av-inner-masonry main_color'><div class=\"av-masonry-outerimage-container\"><div class=\"av-masonry-image-container\" style=\"background-image: url(https:\/\/www.gb-fashion.si\/wp-content\/uploads\/2019\/11\/bs5-min-470x705.jpg);\" title=\"bs5-min\" ><\/div><\/div><\/figure><\/a><!--end av-masonry entry--><a href=\"https:\/\/www.gb-fashion.si\/wp-content\/uploads\/2019\/11\/bs4-min.jpg\" id='av-masonry-1-item-686' data-av-masonry-item='686' class='av-masonry-entry isotope-item post-686 attachment type-attachment status-inherit hentry  av-masonry-item-with-image av-grid-img' title=\"bs4-min\"  itemprop=\"thumbnailUrl\" ><div class='av-inner-masonry-sizer'><\/div><figure class='av-inner-masonry main_color'><div class=\"av-masonry-outerimage-container\"><div class=\"av-masonry-image-container\" style=\"background-image: url(https:\/\/www.gb-fashion.si\/wp-content\/uploads\/2019\/11\/bs4-min-705x470.jpg);\" title=\"bs4-min\" ><\/div><\/div><\/figure><\/a><!--end av-masonry entry--><a href=\"https:\/\/www.gb-fashion.si\/wp-content\/uploads\/2019\/11\/bs3-min.jpg\" id='av-masonry-1-item-685' data-av-masonry-item='685' class='av-masonry-entry isotope-item post-685 attachment type-attachment status-inherit hentry  av-masonry-item-with-image av-grid-img' title=\"bs3-min\"  itemprop=\"thumbnailUrl\" ><div class='av-inner-masonry-sizer'><\/div><figure class='av-inner-masonry main_color'><div class=\"av-masonry-outerimage-container\"><div class=\"av-masonry-image-container\" style=\"background-image: url(https:\/\/www.gb-fashion.si\/wp-content\/uploads\/2019\/11\/bs3-min-470x705.jpg);\" title=\"bs3-min\" ><\/div><\/div><\/figure><\/a><!--end av-masonry entry--><a href=\"https:\/\/www.gb-fashion.si\/wp-content\/uploads\/2019\/11\/bs2-min.jpg\" id='av-masonry-1-item-684' data-av-masonry-item='684' class='av-masonry-entry isotope-item post-684 attachment type-attachment status-inherit hentry  av-masonry-item-with-image av-grid-img' title=\"bs2-min\"  itemprop=\"thumbnailUrl\" ><div class='av-inner-masonry-sizer'><\/div><figure class='av-inner-masonry main_color'><div class=\"av-masonry-outerimage-container\"><div class=\"av-masonry-image-container\" style=\"background-image: url(https:\/\/www.gb-fashion.si\/wp-content\/uploads\/2019\/11\/bs2-min-470x705.jpg);\" title=\"bs2-min\" ><\/div><\/div><\/figure><\/a><!--end av-masonry entry--><a href=\"https:\/\/www.gb-fashion.si\/wp-content\/uploads\/2019\/11\/bs1-min.jpg\" id='av-masonry-1-item-683' data-av-masonry-item='683' class='av-masonry-entry isotope-item post-683 attachment type-attachment status-inherit hentry  av-masonry-item-with-image av-grid-img' title=\"bs1-min\"  itemprop=\"thumbnailUrl\" ><div class='av-inner-masonry-sizer'><\/div><figure class='av-inner-masonry main_color'><div class=\"av-masonry-outerimage-container\"><div class=\"av-masonry-image-container\" style=\"background-image: url(https:\/\/www.gb-fashion.si\/wp-content\/uploads\/2019\/11\/bs1-min-705x470.jpg);\" title=\"bs1-min\" ><\/div><\/div><\/figure><\/a><!--end av-masonry entry--><\/div><\/div><\/div><\/div><!--close column table wrapper. Autoclose: 1 --><\/p>","protected":false},"excerpt":{"rendered":"<p>Big Star ponuja trendovska jeans obla\u010dila tako za mo\u0161ke kot \u017eenske. Showroom se nahaja na ulici Mirka Vadnova 14, 4000 Kranj.<\/p>","protected":false},"author":1,"featured_media":0,"parent":0,"menu_order":0,"comment_status":"closed","ping_status":"closed","template":"","meta":{"footnotes":""},"class_list":["post-532","page","type-page","status-publish","hentry"],"yoast_head":"<!-- This site is optimized with the Yoast SEO plugin v24.4 - https:\/\/yoast.com\/wordpress\/plugins\/seo\/ -->\n<title>Big Star | Slovenija | GB Fashion<\/title>\n<meta name=\"description\" content=\"Big Star ponuja trendovska jeans obla\u010dila tako za mo\u0161ke kot \u017eenske. Showroom se nahaja na ulici Mirka Vadnova 14, 4000 Kranj. %\" \/>\n<meta name=\"robots\" content=\"index, follow, max-snippet:-1, max-image-preview:large, max-video-preview:-1\" \/>\n<link rel=\"canonical\" href=\"https:\/\/www.gb-fashion.si\/en\/big-star-slovenija\/\" \/>\n<meta property=\"og:locale\" content=\"en_US\" \/>\n<meta property=\"og:type\" content=\"article\" \/>\n<meta property=\"og:title\" content=\"Big Star | Slovenija | GB Fashion\" \/>\n<meta property=\"og:description\" content=\"Big Star ponuja trendovska jeans obla\u010dila tako za mo\u0161ke kot \u017eenske. Showroom se nahaja na ulici Mirka Vadnova 14, 4000 Kranj. %\" \/>\n<meta property=\"og:url\" content=\"https:\/\/www.gb-fashion.si\/en\/big-star-slovenija\/\" \/>\n<meta property=\"og:site_name\" content=\"GB Fashion\" \/>\n<meta property=\"article:modified_time\" content=\"2025-03-10T09:45:45+00:00\" \/>\n<meta name=\"twitter:card\" content=\"summary_large_image\" \/>\n<meta name=\"twitter:label1\" content=\"Est. reading time\" \/>\n\t<meta name=\"twitter:data1\" content=\"2 minutes\" \/>\n<script type=\"application\/ld+json\" class=\"yoast-schema-graph\">{\"@context\":\"https:\/\/schema.org\",\"@graph\":[{\"@type\":\"WebPage\",\"@id\":\"https:\/\/www.gb-fashion.si\/big-star-slovenija\/\",\"url\":\"https:\/\/www.gb-fashion.si\/big-star-slovenija\/\",\"name\":\"Big Star | Slovenija | GB Fashion\",\"isPartOf\":{\"@id\":\"https:\/\/www.gb-fashion.si\/#website\"},\"datePublished\":\"2019-11-04T11:41:59+00:00\",\"dateModified\":\"2025-03-10T09:45:45+00:00\",\"description\":\"Big Star ponuja trendovska jeans obla\u010dila tako za mo\u0161ke kot \u017eenske. Showroom se nahaja na ulici Mirka Vadnova 14, 4000 Kranj. %\",\"breadcrumb\":{\"@id\":\"https:\/\/www.gb-fashion.si\/big-star-slovenija\/#breadcrumb\"},\"inLanguage\":\"en-US\",\"potentialAction\":[{\"@type\":\"ReadAction\",\"target\":[\"https:\/\/www.gb-fashion.si\/big-star-slovenija\/\"]}]},{\"@type\":\"BreadcrumbList\",\"@id\":\"https:\/\/www.gb-fashion.si\/big-star-slovenija\/#breadcrumb\",\"itemListElement\":[{\"@type\":\"ListItem\",\"position\":1,\"name\":\"Home\",\"item\":\"https:\/\/www.gb-fashion.si\/\"},{\"@type\":\"ListItem\",\"position\":2,\"name\":\"Big Star\"}]},{\"@type\":\"WebSite\",\"@id\":\"https:\/\/www.gb-fashion.si\/#website\",\"url\":\"https:\/\/www.gb-fashion.si\/\",\"name\":\"GB Fashion\",\"description\":\"Uvoznik za Exterra, Big Star in P.. S.. Fashion\",\"publisher\":{\"@id\":\"https:\/\/www.gb-fashion.si\/#organization\"},\"potentialAction\":[{\"@type\":\"SearchAction\",\"target\":{\"@type\":\"EntryPoint\",\"urlTemplate\":\"https:\/\/www.gb-fashion.si\/?s={search_term_string}\"},\"query-input\":{\"@type\":\"PropertyValueSpecification\",\"valueRequired\":true,\"valueName\":\"search_term_string\"}}],\"inLanguage\":\"en-US\"},{\"@type\":\"Organization\",\"@id\":\"https:\/\/www.gb-fashion.si\/#organization\",\"name\":\"GB Fashion\",\"url\":\"https:\/\/www.gb-fashion.si\/\",\"logo\":{\"@type\":\"ImageObject\",\"inLanguage\":\"en-US\",\"@id\":\"https:\/\/www.gb-fashion.si\/#\/schema\/logo\/image\/\",\"url\":\"https:\/\/www.gb-fashion.si\/wp-content\/uploads\/2019\/11\/fashion_logo-min-e1572945789797.jpg\",\"contentUrl\":\"https:\/\/www.gb-fashion.si\/wp-content\/uploads\/2019\/11\/fashion_logo-min-e1572945789797.jpg\",\"width\":272,\"height\":296,\"caption\":\"GB Fashion\"},\"image\":{\"@id\":\"https:\/\/www.gb-fashion.si\/#\/schema\/logo\/image\/\"}}]}<\/script>\n<!-- \/ Yoast SEO plugin. -->","yoast_head_json":{"title":"Big Star | Slovenija | GB Fashion","description":"Big Star ponuja trendovska jeans obla\u010dila tako za mo\u0161ke kot \u017eenske. Showroom se nahaja na ulici Mirka Vadnova 14, 4000 Kranj. %","robots":{"index":"index","follow":"follow","max-snippet":"max-snippet:-1","max-image-preview":"max-image-preview:large","max-video-preview":"max-video-preview:-1"},"canonical":"https:\/\/www.gb-fashion.si\/en\/big-star-slovenija\/","og_locale":"en_US","og_type":"article","og_title":"Big Star | Slovenija | GB Fashion","og_description":"Big Star ponuja trendovska jeans obla\u010dila tako za mo\u0161ke kot \u017eenske. Showroom se nahaja na ulici Mirka Vadnova 14, 4000 Kranj. %","og_url":"https:\/\/www.gb-fashion.si\/en\/big-star-slovenija\/","og_site_name":"GB Fashion","article_modified_time":"2025-03-10T09:45:45+00:00","twitter_card":"summary_large_image","twitter_misc":{"Est. reading time":"2 minutes"},"schema":{"@context":"https:\/\/schema.org","@graph":[{"@type":"WebPage","@id":"https:\/\/www.gb-fashion.si\/big-star-slovenija\/","url":"https:\/\/www.gb-fashion.si\/big-star-slovenija\/","name":"Big Star | Slovenija | GB Fashion","isPartOf":{"@id":"https:\/\/www.gb-fashion.si\/#website"},"datePublished":"2019-11-04T11:41:59+00:00","dateModified":"2025-03-10T09:45:45+00:00","description":"Big Star ponuja trendovska jeans obla\u010dila tako za mo\u0161ke kot \u017eenske. Showroom se nahaja na ulici Mirka Vadnova 14, 4000 Kranj. %","breadcrumb":{"@id":"https:\/\/www.gb-fashion.si\/big-star-slovenija\/#breadcrumb"},"inLanguage":"en-US","potentialAction":[{"@type":"ReadAction","target":["https:\/\/www.gb-fashion.si\/big-star-slovenija\/"]}]},{"@type":"BreadcrumbList","@id":"https:\/\/www.gb-fashion.si\/big-star-slovenija\/#breadcrumb","itemListElement":[{"@type":"ListItem","position":1,"name":"Home","item":"https:\/\/www.gb-fashion.si\/"},{"@type":"ListItem","position":2,"name":"Big Star"}]},{"@type":"WebSite","@id":"https:\/\/www.gb-fashion.si\/#website","url":"https:\/\/www.gb-fashion.si\/","name":"GB Fashion","description":"Uvoznik za Exterra, Big Star in P.. S.. Fashion","publisher":{"@id":"https:\/\/www.gb-fashion.si\/#organization"},"potentialAction":[{"@type":"SearchAction","target":{"@type":"EntryPoint","urlTemplate":"https:\/\/www.gb-fashion.si\/?s={search_term_string}"},"query-input":{"@type":"PropertyValueSpecification","valueRequired":true,"valueName":"search_term_string"}}],"inLanguage":"en-US"},{"@type":"Organization","@id":"https:\/\/www.gb-fashion.si\/#organization","name":"GB Fashion","url":"https:\/\/www.gb-fashion.si\/","logo":{"@type":"ImageObject","inLanguage":"en-US","@id":"https:\/\/www.gb-fashion.si\/#\/schema\/logo\/image\/","url":"https:\/\/www.gb-fashion.si\/wp-content\/uploads\/2019\/11\/fashion_logo-min-e1572945789797.jpg","contentUrl":"https:\/\/www.gb-fashion.si\/wp-content\/uploads\/2019\/11\/fashion_logo-min-e1572945789797.jpg","width":272,"height":296,"caption":"GB Fashion"},"image":{"@id":"https:\/\/www.gb-fashion.si\/#\/schema\/logo\/image\/"}}]}},"_links":{"self":[{"href":"https:\/\/www.gb-fashion.si\/en\/wp-json\/wp\/v2\/pages\/532","targetHints":{"allow":["GET"]}}],"collection":[{"href":"https:\/\/www.gb-fashion.si\/en\/wp-json\/wp\/v2\/pages"}],"about":[{"href":"https:\/\/www.gb-fashion.si\/en\/wp-json\/wp\/v2\/types\/page"}],"author":[{"embeddable":true,"href":"https:\/\/www.gb-fashion.si\/en\/wp-json\/wp\/v2\/users\/1"}],"replies":[{"embeddable":true,"href":"https:\/\/www.gb-fashion.si\/en\/wp-json\/wp\/v2\/comments?post=532"}],"version-history":[{"count":20,"href":"https:\/\/www.gb-fashion.si\/en\/wp-json\/wp\/v2\/pages\/532\/revisions"}],"predecessor-version":[{"id":1423,"href":"https:\/\/www.gb-fashion.si\/en\/wp-json\/wp\/v2\/pages\/532\/revisions\/1423"}],"wp:attachment":[{"href":"https:\/\/www.gb-fashion.si\/en\/wp-json\/wp\/v2\/media?parent=532"}],"curies":[{"name":"wp","href":"https:\/\/api.w.org\/{rel}","templated":true}]}}