{"id":530,"date":"2019-11-04T11:41:20","date_gmt":"2019-11-04T11:41:20","guid":{"rendered":"http:\/\/www.gb-fashion.si\/?page_id=530"},"modified":"2025-02-18T07:36:44","modified_gmt":"2025-02-18T07:36:44","slug":"exterra-slovenija","status":"publish","type":"page","link":"https:\/\/www.gb-fashion.si\/en\/exterra-slovenija\/","title":{"rendered":"Exterra"},"content":{"rendered":"<div class=\"flex_column av_two_fifth  flex_column_div av-zero-column-padding first  avia-builder-el-0  el_before_av_one_half  avia-builder-el-first\" style='border-radius:0px; '><p><div  class='avia-image-container  av-styling-    avia-builder-el-1  el_before_av_heading  avia-builder-el-first  avia-align-center'  itemprop=\"image\" itemscope=\"itemscope\" itemtype=\"https:\/\/schema.org\/ImageObject\"  ><div class='avia-image-container-inner'><div class='avia-image-overlay-wrap'><img class='avia_image' src='https:\/\/www.gb-fashion.si\/wp-content\/uploads\/2019\/11\/logo-e1572943769238.png' alt='exterra slovenija' title='logo' height=\"110\" width=\"200\"  itemprop=\"thumbnailUrl\"  \/><\/div><\/div><\/div><br \/>\n<div  style='padding-bottom:10px; ' class='av-special-heading av-special-heading-h3  blockquote modern-quote modern-centered  avia-builder-el-2  el_after_av_image  el_before_av_textblock'><h3 class='av-special-heading-tag'  itemprop=\"headline\"  >Exterra<\/h3><div class='special-heading-border'><div class='special-heading-inner-border' ><\/div><\/div><\/div><br \/>\n<section class=\"av_textblock_section\"  itemscope=\"itemscope\" itemtype=\"https:\/\/schema.org\/CreativeWork\" ><div class='avia_textblock'   itemprop=\"text\" ><p>Exterra represents a courageous attitude to life, complete freedom of personal expression and the creation of a more beautiful and comfortable reality. Exterra encourages you to push your boundaries to be positive and only your own, as your life is what you make yourself!<\/p>\n<p><span lang=\"sl\">STREET &#8211; linija za vsakdanje \u017eivljenje, sprehode s prijatelji in dru\u017eino. Gre za garderobo, ki se zlahka prilagodi drugim \u017eivljenjskim situacijam (delo, odhod).<br \/>\nCASUAL &#8211; linija za vse, ki radi pre\u017eivijo \u010das v kavarnah in u\u017eivajo v ve\u010dernih izhodih, je nastala prilo\u017enostna kolekcija. <\/span><span lang=\"sl\"><br \/>\nFINE WEAR &#8211; s to linijo bodo vsi, ki jo nosijo, odkrivali najlep\u0161e strani svoje osebnosti in u\u017eivali. Kot nala\u0161\u010d za posel in prosti \u010das, preprosto prefinjen in trendi hkrati.<br \/>\nBASIC &#8211; linija preprostega stila in kroja. To so osnovni kosi garderobe, ki bi jih moral imeti vsak v svoji omari. Modeli, ki so dobra podlaga za vsako trendovsko obleko.<\/span><\/p>\n<p><strong>Prodajna mesta:<\/strong> Slovenia, Croatia<\/p>\n<\/div><\/section><br \/>\n<div  class='avia-button-wrap avia-button-center  avia-builder-el-4  el_after_av_textblock  avia-builder-el-last' ><a href='\/\/exterra.rs\/' class='avia-button   avia-icon_select-no avia-color-theme-color avia-size-small avia-position-center' target=\"_blank\" rel=\"noopener\"><span class='avia_iconbox_title' >Uradna stran<\/span><\/a><\/div><\/p><\/div>\n<div class=\"flex_column av_one_half  flex_column_div av-zero-column-padding   avia-builder-el-5  el_after_av_two_fifth  avia-builder-el-last\" style='border-radius:0px; '><div id='av-masonry-1' class='av-masonry  noHover av-flex-size av-large-gap av-hover-overlay-active av-masonry-animation-active av-masonry-col-2 av-caption-always av-caption-style- av-masonry-gallery'  ><div class='av-masonry-container isotope av-js-disabled' ><div class='av-masonry-entry isotope-item av-masonry-item-no-image'><\/div><a href=\"https:\/\/www.gb-fashion.si\/wp-content\/uploads\/2025\/02\/130A0184-773x1030.jpg\" id='av-masonry-1-item-1379' data-av-masonry-item='1379' class='av-masonry-entry isotope-item post-1379 attachment type-attachment status-inherit hentry  av-masonry-item-with-image' title=\"130A0184\"  itemprop=\"thumbnailUrl\" ><div class='av-inner-masonry-sizer'><\/div><figure class='av-inner-masonry main_color'><div class=\"av-masonry-outerimage-container\"><div class=\"av-masonry-image-container\" ><img decoding=\"async\" src=\"https:\/\/www.gb-fashion.si\/wp-content\/uploads\/2025\/02\/130A0184-529x705.jpg\" title=\"130A0184\" alt=\"\" \/><\/div><\/div><\/figure><\/a><!--end av-masonry entry--><a href=\"https:\/\/www.gb-fashion.si\/wp-content\/uploads\/2025\/02\/130A2217-773x1030.jpg\" id='av-masonry-1-item-1380' data-av-masonry-item='1380' class='av-masonry-entry isotope-item post-1380 attachment type-attachment status-inherit hentry  av-masonry-item-with-image' title=\"130A2217\"  itemprop=\"thumbnailUrl\" ><div class='av-inner-masonry-sizer'><\/div><figure class='av-inner-masonry main_color'><div class=\"av-masonry-outerimage-container\"><div class=\"av-masonry-image-container\" ><img decoding=\"async\" src=\"https:\/\/www.gb-fashion.si\/wp-content\/uploads\/2025\/02\/130A2217-529x705.jpg\" title=\"130A2217\" alt=\"\" \/><\/div><\/div><\/figure><\/a><!--end av-masonry entry--><a href=\"https:\/\/www.gb-fashion.si\/wp-content\/uploads\/2025\/02\/130A4302-773x1030.jpg\" id='av-masonry-1-item-1381' data-av-masonry-item='1381' class='av-masonry-entry isotope-item post-1381 attachment type-attachment status-inherit hentry  av-masonry-item-with-image' title=\"130A4302\"  itemprop=\"thumbnailUrl\" ><div class='av-inner-masonry-sizer'><\/div><figure class='av-inner-masonry main_color'><div class=\"av-masonry-outerimage-container\"><div class=\"av-masonry-image-container\" ><img decoding=\"async\" src=\"https:\/\/www.gb-fashion.si\/wp-content\/uploads\/2025\/02\/130A4302-529x705.jpg\" title=\"130A4302\" alt=\"\" \/><\/div><\/div><\/figure><\/a><!--end av-masonry entry--><a href=\"https:\/\/www.gb-fashion.si\/wp-content\/uploads\/2025\/02\/130A4724-773x1030.jpg\" id='av-masonry-1-item-1382' data-av-masonry-item='1382' class='av-masonry-entry isotope-item post-1382 attachment type-attachment status-inherit hentry  av-masonry-item-with-image' title=\"130A4724\"  itemprop=\"thumbnailUrl\" ><div class='av-inner-masonry-sizer'><\/div><figure class='av-inner-masonry main_color'><div class=\"av-masonry-outerimage-container\"><div class=\"av-masonry-image-container\" ><img decoding=\"async\" src=\"https:\/\/www.gb-fashion.si\/wp-content\/uploads\/2025\/02\/130A4724-529x705.jpg\" title=\"130A4724\" alt=\"\" \/><\/div><\/div><\/figure><\/a><!--end av-masonry entry--><\/div><\/div><\/div>","protected":false},"excerpt":{"rendered":"<p>Modna obla\u010dila za moderno \u017eensko &#8211; Exterra. Pomlad 2020 vam ponuja \u0161tiri linije: STREET, CASUAL, FINE WEAR, BASIC. Showroom je na ulici Mirka Vadnova 14.<\/p>","protected":false},"author":1,"featured_media":0,"parent":0,"menu_order":0,"comment_status":"closed","ping_status":"closed","template":"","meta":{"footnotes":""},"class_list":["post-530","page","type-page","status-publish","hentry"],"yoast_head":"<!-- This site is optimized with the Yoast SEO plugin v24.4 - https:\/\/yoast.com\/wordpress\/plugins\/seo\/ -->\n<title>Exterra | GB Fashion<\/title>\n<meta name=\"description\" content=\"Modna obla\u010dila za moderno \u017eensko - Exterra. Pomlad 2020 vam ponuja \u0161tiri linije: STREET, CASUAL, FINE WEAR, BASIC. Showroom je na ulici Mirka Vadnova 14.\" \/>\n<meta name=\"robots\" content=\"index, follow, max-snippet:-1, max-image-preview:large, max-video-preview:-1\" \/>\n<link rel=\"canonical\" href=\"https:\/\/www.gb-fashion.si\/en\/exterra-slovenija\/\" \/>\n<meta property=\"og:locale\" content=\"en_US\" \/>\n<meta property=\"og:type\" content=\"article\" \/>\n<meta property=\"og:title\" content=\"Exterra | GB Fashion\" \/>\n<meta property=\"og:description\" content=\"Modna obla\u010dila za moderno \u017eensko - Exterra. Pomlad 2020 vam ponuja \u0161tiri linije: STREET, CASUAL, FINE WEAR, BASIC. Showroom je na ulici Mirka Vadnova 14.\" \/>\n<meta property=\"og:url\" content=\"https:\/\/www.gb-fashion.si\/en\/exterra-slovenija\/\" \/>\n<meta property=\"og:site_name\" content=\"GB Fashion\" \/>\n<meta property=\"article:modified_time\" content=\"2025-02-18T07:36:44+00:00\" \/>\n<meta name=\"twitter:card\" content=\"summary_large_image\" \/>\n<meta name=\"twitter:label1\" content=\"Est. reading time\" \/>\n\t<meta name=\"twitter:data1\" content=\"2 minutes\" \/>\n<script type=\"application\/ld+json\" class=\"yoast-schema-graph\">{\"@context\":\"https:\/\/schema.org\",\"@graph\":[{\"@type\":\"WebPage\",\"@id\":\"https:\/\/www.gb-fashion.si\/exterra-slovenija\/\",\"url\":\"https:\/\/www.gb-fashion.si\/exterra-slovenija\/\",\"name\":\"Exterra | GB Fashion\",\"isPartOf\":{\"@id\":\"https:\/\/www.gb-fashion.si\/#website\"},\"datePublished\":\"2019-11-04T11:41:20+00:00\",\"dateModified\":\"2025-02-18T07:36:44+00:00\",\"description\":\"Modna obla\u010dila za moderno \u017eensko - Exterra. Pomlad 2020 vam ponuja \u0161tiri linije: STREET, CASUAL, FINE WEAR, BASIC. Showroom je na ulici Mirka Vadnova 14.\",\"breadcrumb\":{\"@id\":\"https:\/\/www.gb-fashion.si\/exterra-slovenija\/#breadcrumb\"},\"inLanguage\":\"en-US\",\"potentialAction\":[{\"@type\":\"ReadAction\",\"target\":[\"https:\/\/www.gb-fashion.si\/exterra-slovenija\/\"]}]},{\"@type\":\"BreadcrumbList\",\"@id\":\"https:\/\/www.gb-fashion.si\/exterra-slovenija\/#breadcrumb\",\"itemListElement\":[{\"@type\":\"ListItem\",\"position\":1,\"name\":\"Home\",\"item\":\"https:\/\/www.gb-fashion.si\/\"},{\"@type\":\"ListItem\",\"position\":2,\"name\":\"Exterra\"}]},{\"@type\":\"WebSite\",\"@id\":\"https:\/\/www.gb-fashion.si\/#website\",\"url\":\"https:\/\/www.gb-fashion.si\/\",\"name\":\"GB Fashion\",\"description\":\"Uvoznik za Exterra, Big Star in P.. S.. Fashion\",\"publisher\":{\"@id\":\"https:\/\/www.gb-fashion.si\/#organization\"},\"potentialAction\":[{\"@type\":\"SearchAction\",\"target\":{\"@type\":\"EntryPoint\",\"urlTemplate\":\"https:\/\/www.gb-fashion.si\/?s={search_term_string}\"},\"query-input\":{\"@type\":\"PropertyValueSpecification\",\"valueRequired\":true,\"valueName\":\"search_term_string\"}}],\"inLanguage\":\"en-US\"},{\"@type\":\"Organization\",\"@id\":\"https:\/\/www.gb-fashion.si\/#organization\",\"name\":\"GB Fashion\",\"url\":\"https:\/\/www.gb-fashion.si\/\",\"logo\":{\"@type\":\"ImageObject\",\"inLanguage\":\"en-US\",\"@id\":\"https:\/\/www.gb-fashion.si\/#\/schema\/logo\/image\/\",\"url\":\"https:\/\/www.gb-fashion.si\/wp-content\/uploads\/2019\/11\/fashion_logo-min-e1572945789797.jpg\",\"contentUrl\":\"https:\/\/www.gb-fashion.si\/wp-content\/uploads\/2019\/11\/fashion_logo-min-e1572945789797.jpg\",\"width\":272,\"height\":296,\"caption\":\"GB Fashion\"},\"image\":{\"@id\":\"https:\/\/www.gb-fashion.si\/#\/schema\/logo\/image\/\"}}]}<\/script>\n<!-- \/ Yoast SEO plugin. -->","yoast_head_json":{"title":"Exterra | GB Fashion","description":"Modna obla\u010dila za moderno \u017eensko - Exterra. Pomlad 2020 vam ponuja \u0161tiri linije: STREET, CASUAL, FINE WEAR, BASIC. Showroom je na ulici Mirka Vadnova 14.","robots":{"index":"index","follow":"follow","max-snippet":"max-snippet:-1","max-image-preview":"max-image-preview:large","max-video-preview":"max-video-preview:-1"},"canonical":"https:\/\/www.gb-fashion.si\/en\/exterra-slovenija\/","og_locale":"en_US","og_type":"article","og_title":"Exterra | GB Fashion","og_description":"Modna obla\u010dila za moderno \u017eensko - Exterra. Pomlad 2020 vam ponuja \u0161tiri linije: STREET, CASUAL, FINE WEAR, BASIC. Showroom je na ulici Mirka Vadnova 14.","og_url":"https:\/\/www.gb-fashion.si\/en\/exterra-slovenija\/","og_site_name":"GB Fashion","article_modified_time":"2025-02-18T07:36:44+00:00","twitter_card":"summary_large_image","twitter_misc":{"Est. reading time":"2 minutes"},"schema":{"@context":"https:\/\/schema.org","@graph":[{"@type":"WebPage","@id":"https:\/\/www.gb-fashion.si\/exterra-slovenija\/","url":"https:\/\/www.gb-fashion.si\/exterra-slovenija\/","name":"Exterra | GB Fashion","isPartOf":{"@id":"https:\/\/www.gb-fashion.si\/#website"},"datePublished":"2019-11-04T11:41:20+00:00","dateModified":"2025-02-18T07:36:44+00:00","description":"Modna obla\u010dila za moderno \u017eensko - Exterra. Pomlad 2020 vam ponuja \u0161tiri linije: STREET, CASUAL, FINE WEAR, BASIC. Showroom je na ulici Mirka Vadnova 14.","breadcrumb":{"@id":"https:\/\/www.gb-fashion.si\/exterra-slovenija\/#breadcrumb"},"inLanguage":"en-US","potentialAction":[{"@type":"ReadAction","target":["https:\/\/www.gb-fashion.si\/exterra-slovenija\/"]}]},{"@type":"BreadcrumbList","@id":"https:\/\/www.gb-fashion.si\/exterra-slovenija\/#breadcrumb","itemListElement":[{"@type":"ListItem","position":1,"name":"Home","item":"https:\/\/www.gb-fashion.si\/"},{"@type":"ListItem","position":2,"name":"Exterra"}]},{"@type":"WebSite","@id":"https:\/\/www.gb-fashion.si\/#website","url":"https:\/\/www.gb-fashion.si\/","name":"GB Fashion","description":"Uvoznik za Exterra, Big Star in P.. S.. Fashion","publisher":{"@id":"https:\/\/www.gb-fashion.si\/#organization"},"potentialAction":[{"@type":"SearchAction","target":{"@type":"EntryPoint","urlTemplate":"https:\/\/www.gb-fashion.si\/?s={search_term_string}"},"query-input":{"@type":"PropertyValueSpecification","valueRequired":true,"valueName":"search_term_string"}}],"inLanguage":"en-US"},{"@type":"Organization","@id":"https:\/\/www.gb-fashion.si\/#organization","name":"GB Fashion","url":"https:\/\/www.gb-fashion.si\/","logo":{"@type":"ImageObject","inLanguage":"en-US","@id":"https:\/\/www.gb-fashion.si\/#\/schema\/logo\/image\/","url":"https:\/\/www.gb-fashion.si\/wp-content\/uploads\/2019\/11\/fashion_logo-min-e1572945789797.jpg","contentUrl":"https:\/\/www.gb-fashion.si\/wp-content\/uploads\/2019\/11\/fashion_logo-min-e1572945789797.jpg","width":272,"height":296,"caption":"GB Fashion"},"image":{"@id":"https:\/\/www.gb-fashion.si\/#\/schema\/logo\/image\/"}}]}},"_links":{"self":[{"href":"https:\/\/www.gb-fashion.si\/en\/wp-json\/wp\/v2\/pages\/530","targetHints":{"allow":["GET"]}}],"collection":[{"href":"https:\/\/www.gb-fashion.si\/en\/wp-json\/wp\/v2\/pages"}],"about":[{"href":"https:\/\/www.gb-fashion.si\/en\/wp-json\/wp\/v2\/types\/page"}],"author":[{"embeddable":true,"href":"https:\/\/www.gb-fashion.si\/en\/wp-json\/wp\/v2\/users\/1"}],"replies":[{"embeddable":true,"href":"https:\/\/www.gb-fashion.si\/en\/wp-json\/wp\/v2\/comments?post=530"}],"version-history":[{"count":32,"href":"https:\/\/www.gb-fashion.si\/en\/wp-json\/wp\/v2\/pages\/530\/revisions"}],"predecessor-version":[{"id":1384,"href":"https:\/\/www.gb-fashion.si\/en\/wp-json\/wp\/v2\/pages\/530\/revisions\/1384"}],"wp:attachment":[{"href":"https:\/\/www.gb-fashion.si\/en\/wp-json\/wp\/v2\/media?parent=530"}],"curies":[{"name":"wp","href":"https:\/\/api.w.org\/{rel}","templated":true}]}}