{"id":342,"date":"2016-02-10T14:05:14","date_gmt":"2016-02-10T14:05:14","guid":{"rendered":"http:\/\/test.kriesi.at\/new-spa\/?page_id=342"},"modified":"2023-01-09T08:01:08","modified_gmt":"2023-01-09T08:01:08","slug":"brandi","status":"publish","type":"page","link":"https:\/\/www.gb-fashion.si\/en\/brandi\/","title":{"rendered":"Brands"},"content":{"rendered":"<div class=\"flex_column av_one_fourth  av-animated-generic bottom-to-top  flex_column_div av-zero-column-padding first  avia-builder-el-0  el_before_av_one_fourth  avia-builder-el-first\" style='border-radius:0px; '><p><div  class='avia-image-container avia_animated_image avia_animate_when_almost_visible left-to-right av-styling-no-styling    avia-builder-el-1  el_before_av_heading  avia-builder-el-first  avia-align-center'  itemprop=\"image\" itemscope=\"itemscope\" itemtype=\"https:\/\/schema.org\/ImageObject\"  ><div class='avia-image-container-inner'><div class='avia-image-overlay-wrap'><a href='https:\/\/www.gb-fashion.si\/en\/exterra-slovenija\/' class='avia_image'  ><img class='avia_image' src='https:\/\/www.gb-fashion.si\/wp-content\/uploads\/2019\/11\/logo-e1572943769238.png' alt='exterra slovenija' title='logo'  itemprop=\"thumbnailUrl\"  \/><\/a><\/div><\/div><\/div><br \/>\n<div  style='padding-bottom:10px; ' class='av-special-heading av-special-heading-h2  blockquote modern-quote modern-centered  avia-builder-el-2  el_after_av_image  el_before_av_textblock'><h2 class='av-special-heading-tag'  itemprop=\"headline\"  >Exterra<\/h2><div class='special-heading-border'><div class='special-heading-inner-border' ><\/div><\/div><\/div><br \/>\n<section class=\"av_textblock_section\"  itemscope=\"itemscope\" itemtype=\"https:\/\/schema.org\/CreativeWork\" ><div class='avia_textblock'   itemprop=\"text\" ><p>Exterra represents a courageous attitude to life, complete freedom of personal expression and the creation of a more beautiful and comfortable reality. Exterra encourages you to push your boundaries to be positive and only your own, as your life is what you make yourself!<\/p>\n<\/div><\/section><br \/>\n<br \/>\n<div  class='avia-button-wrap avia-button-center  avia-builder-el-5  el_after_av_codeblock  avia-builder-el-last' ><a href='https:\/\/www.gb-fashion.si\/en\/exterra-slovenija\/'  class='avia-button   avia-icon_select-no avia-color-theme-color avia-size-small avia-position-center'   ><span class='avia_iconbox_title' >More about Exterra<\/span><\/a><\/div><\/p><\/div>\n<div class=\"flex_column av_one_fourth  av-animated-generic bottom-to-top  flex_column_div av-zero-column-padding   avia-builder-el-6  el_after_av_one_fourth  el_before_av_one_fourth\" style='border-radius:0px; '><p><div  class='avia-image-container avia_animated_image avia_animate_when_almost_visible top-to-bottom av-styling-no-styling    avia-builder-el-7  el_before_av_heading  avia-builder-el-first  avia-align-center'  itemprop=\"image\" itemscope=\"itemscope\" itemtype=\"https:\/\/schema.org\/ImageObject\"  ><div class='avia-image-container-inner'><div class='avia-image-overlay-wrap'><a href='https:\/\/www.gb-fashion.si\/en\/big-star-slovenija\/' class='avia_image'  ><img class='avia_image' src='https:\/\/www.gb-fashion.si\/wp-content\/uploads\/2019\/11\/BSLOGO-1-300x100-min-300x100.jpg' alt='' title='BSLOGO-1-300x100-min'  itemprop=\"thumbnailUrl\"  \/><\/a><\/div><\/div><\/div><br \/>\n<div  style='padding-bottom:10px; ' class='av-special-heading av-special-heading-h2  blockquote modern-quote modern-centered  avia-builder-el-8  el_after_av_image  el_before_av_textblock'><h2 class='av-special-heading-tag'  itemprop=\"headline\"  >Big Star<\/h2><div class='special-heading-border'><div class='special-heading-inner-border' ><\/div><\/div><\/div><br \/>\n<section class=\"av_textblock_section\"  itemscope=\"itemscope\" itemtype=\"https:\/\/schema.org\/CreativeWork\" ><div class='avia_textblock'   itemprop=\"text\" ><p>Since 1979, BIG STAR garments have been the guarantor of the best quality and design, inspired by the latest trends. From the very beginning of the brand, her parade horse is jeans, and in the years of its existence has been joined by other pieces of wardrobe and accessories. For designers of the BIG STAR brand, work is passion, clothing - applied art, jeans - an integral element of culture.<\/p>\n<\/div><\/section><br \/>\n<div  class='avia-button-wrap avia-button-center  avia-builder-el-10  el_after_av_textblock  avia-builder-el-last' ><a href='https:\/\/www.gb-fashion.si\/en\/big-star-slovenija\/'  class='avia-button   avia-icon_select-no avia-color-theme-color avia-size-small avia-position-center'   ><span class='avia_iconbox_title' >More about Big Star<\/span><\/a><\/div><\/p><\/div>\n<div class=\"flex_column av_one_fourth  av-animated-generic bottom-to-top  flex_column_div av-zero-column-padding   avia-builder-el-11  el_after_av_one_fourth  avia-builder-el-last\" style='border-radius:0px; '><p><div  class='avia-image-container avia_animated_image avia_animate_when_almost_visible top-to-bottom av-styling-no-styling    avia-builder-el-12  el_before_av_heading  avia-builder-el-first  avia-align-center'  itemprop=\"image\" itemscope=\"itemscope\" itemtype=\"https:\/\/schema.org\/ImageObject\"  ><div class='avia-image-container-inner'><div class='avia-image-overlay-wrap'><a href='https:\/\/www.gb-fashion.si\/en\/big-star-slovenija\/' class='avia_image'  ><img class='avia_image' src='https:\/\/www.gb-fashion.si\/wp-content\/uploads\/2020\/11\/bsshoescrop.png' alt='' title='bsshoescrop'  itemprop=\"thumbnailUrl\"  \/><\/a><\/div><\/div><\/div><br \/>\n<div  style='padding-bottom:10px; ' class='av-special-heading av-special-heading-h2  blockquote modern-quote modern-centered  avia-builder-el-13  el_after_av_image  el_before_av_textblock'><h2 class='av-special-heading-tag'  itemprop=\"headline\"  >Big Star Shoes<\/h2><div class='special-heading-border'><div class='special-heading-inner-border' ><\/div><\/div><\/div><br \/>\n<section class=\"av_textblock_section\"  itemscope=\"itemscope\" itemtype=\"https:\/\/schema.org\/CreativeWork\" ><div class='avia_textblock'   itemprop=\"text\" ><p>To je obutev, ki vam bo v\u0161e\u010d na prvi pogled, nad njo pa se boste \u0161e bolj razveselili &#8211; ko jo boste prvi\u010d obuli. Najnovej\u0161e zbirke, najvi\u0161ja kakovost izdelave, velik izbor velikosti. Teka\u0161ki copati, pohodni\u0161ki \u010devlji ali otro\u0161ke superge ali morda zimski copati? BIG STAR SHOES je celovita znamka &#8211; znamka, ki bo izpolnila pri\u010dakovanja vseh, ki imajo radi udobne in modne \u010devlje za vsako prilo\u017enost.<\/p>\n<\/div><\/section><br \/>\n<div  class='avia-button-wrap avia-button-center  avia-builder-el-15  el_after_av_textblock  avia-builder-el-last' ><a href='https:\/\/www.gb-fashion.si\/en\/big-star-shoes\/'  class='avia-button   avia-icon_select-no avia-color-theme-color avia-size-small avia-position-center'   ><span class='avia_iconbox_title' >More about Big Star Shoes<\/span><\/a><\/div><\/p><\/div>\n\n\n\n<p><\/p>","protected":false},"excerpt":{"rendered":"<p>GB Fashion s ponosom zastopa brande kot so Exterra, Big Star in P.. S.. Fashion. Showroom se nahaja na ulici Mirka Vadnova 14.<\/p>","protected":false},"author":1,"featured_media":0,"parent":0,"menu_order":0,"comment_status":"closed","ping_status":"closed","template":"","meta":{"footnotes":""},"class_list":["post-342","page","type-page","status-publish","hentry"],"yoast_head":"<!-- This site is optimized with the Yoast SEO plugin v24.4 - https:\/\/yoast.com\/wordpress\/plugins\/seo\/ -->\n<title>Brandi | GB Fashion<\/title>\n<meta name=\"description\" content=\"GB Fashion s ponosom zastopa brande kot so Exterra, Big Star in P.. S.. Fashion. Showroom se nahaja na ulici Mirka Vadnova 14.\" \/>\n<meta name=\"robots\" content=\"index, follow, max-snippet:-1, max-image-preview:large, max-video-preview:-1\" \/>\n<link rel=\"canonical\" href=\"https:\/\/www.gb-fashion.si\/en\/brandi\/\" \/>\n<meta property=\"og:locale\" content=\"en_US\" \/>\n<meta property=\"og:type\" content=\"article\" \/>\n<meta property=\"og:title\" content=\"Brandi | GB Fashion\" \/>\n<meta property=\"og:description\" content=\"GB Fashion s ponosom zastopa brande kot so Exterra, Big Star in P.. S.. Fashion. Showroom se nahaja na ulici Mirka Vadnova 14.\" \/>\n<meta property=\"og:url\" content=\"https:\/\/www.gb-fashion.si\/en\/brandi\/\" \/>\n<meta property=\"og:site_name\" content=\"GB Fashion\" \/>\n<meta property=\"article:modified_time\" content=\"2023-01-09T08:01:08+00:00\" \/>\n<meta name=\"twitter:card\" content=\"summary_large_image\" \/>\n<meta name=\"twitter:label1\" content=\"Est. reading time\" \/>\n\t<meta name=\"twitter:data1\" content=\"5 minutes\" \/>\n<script type=\"application\/ld+json\" class=\"yoast-schema-graph\">{\"@context\":\"https:\/\/schema.org\",\"@graph\":[{\"@type\":\"WebPage\",\"@id\":\"https:\/\/www.gb-fashion.si\/brandi\/\",\"url\":\"https:\/\/www.gb-fashion.si\/brandi\/\",\"name\":\"Brandi | GB Fashion\",\"isPartOf\":{\"@id\":\"https:\/\/www.gb-fashion.si\/#website\"},\"datePublished\":\"2016-02-10T14:05:14+00:00\",\"dateModified\":\"2023-01-09T08:01:08+00:00\",\"description\":\"GB Fashion s ponosom zastopa brande kot so Exterra, Big Star in P.. S.. Fashion. Showroom se nahaja na ulici Mirka Vadnova 14.\",\"breadcrumb\":{\"@id\":\"https:\/\/www.gb-fashion.si\/brandi\/#breadcrumb\"},\"inLanguage\":\"en-US\",\"potentialAction\":[{\"@type\":\"ReadAction\",\"target\":[\"https:\/\/www.gb-fashion.si\/brandi\/\"]}]},{\"@type\":\"BreadcrumbList\",\"@id\":\"https:\/\/www.gb-fashion.si\/brandi\/#breadcrumb\",\"itemListElement\":[{\"@type\":\"ListItem\",\"position\":1,\"name\":\"Home\",\"item\":\"https:\/\/www.gb-fashion.si\/\"},{\"@type\":\"ListItem\",\"position\":2,\"name\":\"Brandi\"}]},{\"@type\":\"WebSite\",\"@id\":\"https:\/\/www.gb-fashion.si\/#website\",\"url\":\"https:\/\/www.gb-fashion.si\/\",\"name\":\"GB Fashion\",\"description\":\"Uvoznik za Exterra, Big Star in P.. S.. Fashion\",\"publisher\":{\"@id\":\"https:\/\/www.gb-fashion.si\/#organization\"},\"potentialAction\":[{\"@type\":\"SearchAction\",\"target\":{\"@type\":\"EntryPoint\",\"urlTemplate\":\"https:\/\/www.gb-fashion.si\/?s={search_term_string}\"},\"query-input\":{\"@type\":\"PropertyValueSpecification\",\"valueRequired\":true,\"valueName\":\"search_term_string\"}}],\"inLanguage\":\"en-US\"},{\"@type\":\"Organization\",\"@id\":\"https:\/\/www.gb-fashion.si\/#organization\",\"name\":\"GB Fashion\",\"url\":\"https:\/\/www.gb-fashion.si\/\",\"logo\":{\"@type\":\"ImageObject\",\"inLanguage\":\"en-US\",\"@id\":\"https:\/\/www.gb-fashion.si\/#\/schema\/logo\/image\/\",\"url\":\"https:\/\/www.gb-fashion.si\/wp-content\/uploads\/2019\/11\/fashion_logo-min-e1572945789797.jpg\",\"contentUrl\":\"https:\/\/www.gb-fashion.si\/wp-content\/uploads\/2019\/11\/fashion_logo-min-e1572945789797.jpg\",\"width\":272,\"height\":296,\"caption\":\"GB Fashion\"},\"image\":{\"@id\":\"https:\/\/www.gb-fashion.si\/#\/schema\/logo\/image\/\"}}]}<\/script>\n<!-- \/ Yoast SEO plugin. -->","yoast_head_json":{"title":"Brandi | GB Fashion","description":"GB Fashion s ponosom zastopa brande kot so Exterra, Big Star in P.. S.. Fashion. Showroom se nahaja na ulici Mirka Vadnova 14.","robots":{"index":"index","follow":"follow","max-snippet":"max-snippet:-1","max-image-preview":"max-image-preview:large","max-video-preview":"max-video-preview:-1"},"canonical":"https:\/\/www.gb-fashion.si\/en\/brandi\/","og_locale":"en_US","og_type":"article","og_title":"Brandi | GB Fashion","og_description":"GB Fashion s ponosom zastopa brande kot so Exterra, Big Star in P.. S.. Fashion. Showroom se nahaja na ulici Mirka Vadnova 14.","og_url":"https:\/\/www.gb-fashion.si\/en\/brandi\/","og_site_name":"GB Fashion","article_modified_time":"2023-01-09T08:01:08+00:00","twitter_card":"summary_large_image","twitter_misc":{"Est. reading time":"5 minutes"},"schema":{"@context":"https:\/\/schema.org","@graph":[{"@type":"WebPage","@id":"https:\/\/www.gb-fashion.si\/brandi\/","url":"https:\/\/www.gb-fashion.si\/brandi\/","name":"Brandi | GB Fashion","isPartOf":{"@id":"https:\/\/www.gb-fashion.si\/#website"},"datePublished":"2016-02-10T14:05:14+00:00","dateModified":"2023-01-09T08:01:08+00:00","description":"GB Fashion s ponosom zastopa brande kot so Exterra, Big Star in P.. S.. Fashion. Showroom se nahaja na ulici Mirka Vadnova 14.","breadcrumb":{"@id":"https:\/\/www.gb-fashion.si\/brandi\/#breadcrumb"},"inLanguage":"en-US","potentialAction":[{"@type":"ReadAction","target":["https:\/\/www.gb-fashion.si\/brandi\/"]}]},{"@type":"BreadcrumbList","@id":"https:\/\/www.gb-fashion.si\/brandi\/#breadcrumb","itemListElement":[{"@type":"ListItem","position":1,"name":"Home","item":"https:\/\/www.gb-fashion.si\/"},{"@type":"ListItem","position":2,"name":"Brandi"}]},{"@type":"WebSite","@id":"https:\/\/www.gb-fashion.si\/#website","url":"https:\/\/www.gb-fashion.si\/","name":"GB Fashion","description":"Uvoznik za Exterra, Big Star in P.. S.. Fashion","publisher":{"@id":"https:\/\/www.gb-fashion.si\/#organization"},"potentialAction":[{"@type":"SearchAction","target":{"@type":"EntryPoint","urlTemplate":"https:\/\/www.gb-fashion.si\/?s={search_term_string}"},"query-input":{"@type":"PropertyValueSpecification","valueRequired":true,"valueName":"search_term_string"}}],"inLanguage":"en-US"},{"@type":"Organization","@id":"https:\/\/www.gb-fashion.si\/#organization","name":"GB Fashion","url":"https:\/\/www.gb-fashion.si\/","logo":{"@type":"ImageObject","inLanguage":"en-US","@id":"https:\/\/www.gb-fashion.si\/#\/schema\/logo\/image\/","url":"https:\/\/www.gb-fashion.si\/wp-content\/uploads\/2019\/11\/fashion_logo-min-e1572945789797.jpg","contentUrl":"https:\/\/www.gb-fashion.si\/wp-content\/uploads\/2019\/11\/fashion_logo-min-e1572945789797.jpg","width":272,"height":296,"caption":"GB Fashion"},"image":{"@id":"https:\/\/www.gb-fashion.si\/#\/schema\/logo\/image\/"}}]}},"_links":{"self":[{"href":"https:\/\/www.gb-fashion.si\/en\/wp-json\/wp\/v2\/pages\/342","targetHints":{"allow":["GET"]}}],"collection":[{"href":"https:\/\/www.gb-fashion.si\/en\/wp-json\/wp\/v2\/pages"}],"about":[{"href":"https:\/\/www.gb-fashion.si\/en\/wp-json\/wp\/v2\/types\/page"}],"author":[{"embeddable":true,"href":"https:\/\/www.gb-fashion.si\/en\/wp-json\/wp\/v2\/users\/1"}],"replies":[{"embeddable":true,"href":"https:\/\/www.gb-fashion.si\/en\/wp-json\/wp\/v2\/comments?post=342"}],"version-history":[{"count":32,"href":"https:\/\/www.gb-fashion.si\/en\/wp-json\/wp\/v2\/pages\/342\/revisions"}],"predecessor-version":[{"id":1192,"href":"https:\/\/www.gb-fashion.si\/en\/wp-json\/wp\/v2\/pages\/342\/revisions\/1192"}],"wp:attachment":[{"href":"https:\/\/www.gb-fashion.si\/en\/wp-json\/wp\/v2\/media?parent=342"}],"curies":[{"name":"wp","href":"https:\/\/api.w.org\/{rel}","templated":true}]}}