{"id":154,"date":"2015-07-16T09:12:44","date_gmt":"2015-07-16T09:12:44","guid":{"rendered":"http:\/\/test.kriesi.at\/minimal-portfolio\/?page_id=154"},"modified":"2025-02-18T07:04:19","modified_gmt":"2025-02-18T07:04:19","slug":"o-podjetju","status":"publish","type":"page","link":"https:\/\/www.gb-fashion.si\/en\/o-podjetju\/","title":{"rendered":"About"},"content":{"rendered":"<div class='flex_column_table av-equal-height-column-flextable -flextable' ><div class=\"flex_column av_one_half  flex_column_table_cell av-equal-height-column av-align-middle av-zero-column-padding first  avia-builder-el-0  el_before_av_one_half  avia-builder-el-first\" style='border-radius:0px; '><section class=\"av_textblock_section\"  itemscope=\"itemscope\" itemtype=\"https:\/\/schema.org\/CreativeWork\" ><div class='avia_textblock'   itemprop=\"text\" ><p>GB Fashion skrbi za svoje stranke od leta 2017. Podjetje svojo mladost uspe\u0161no skriva z Borut Ga\u0161perlinom na \u010delu, ki se \u017ee 20 let ukvarja s tekstilom in pozna kvaliteto ter skrbi za novitete na trgu uspe\u0161nih znamk. Zadovoljne stranke to samo \u0161e potrjujejo. Exterra in Big Star\u00a0 izdelujejo kvalitetna in modna obla\u010dila.<\/p>\n<\/div><\/section><\/div>\n<div class='av-flex-placeholder'><\/div><div class=\"flex_column av_one_half  flex_column_table_cell av-equal-height-column av-align-middle av-zero-column-padding   avia-builder-el-2  el_after_av_one_half  el_before_av_heading\" style='border-radius:0px; '><\/div><\/div><!--close column table wrapper. Autoclose: 1 --><div  style='padding-bottom:10px; ' class='av-special-heading av-special-heading-h2  blockquote modern-quote modern-centered  avia-builder-el-4  el_after_av_one_half  el_before_av_masonry_gallery  avia-builder-el-last'><h2 class='av-special-heading-tag'  itemprop=\"headline\"  >Showroom<\/h2><div class='special-heading-border'><div class='special-heading-inner-border' ><\/div><\/div><\/div><\/p>\n<div id='av-masonry-1' class='av-masonry  noHover av-fixed-size av-no-gap av-hover-overlay-active av-masonry-animation-active av-masonry-col-3 av-caption-always av-caption-style- av-masonry-gallery'  ><div class='av-masonry-container isotope av-js-disabled' ><div class='av-masonry-entry isotope-item av-masonry-item-no-image'><\/div><a href=\"https:\/\/www.gb-fashion.si\/wp-content\/uploads\/2019\/12\/20191023_101444-min-1030x773.jpg\" id='av-masonry-1-item-878' data-av-masonry-item='878' class='av-masonry-entry isotope-item post-878 attachment type-attachment status-inherit hentry  av-masonry-item-with-image av-grid-img' title=\"20191023_101444-min\"  itemprop=\"thumbnailUrl\" ><div class='av-inner-masonry-sizer'><\/div><figure class='av-inner-masonry main_color'><div class=\"av-masonry-outerimage-container\"><div class=\"av-masonry-image-container\" style=\"background-image: url(https:\/\/www.gb-fashion.si\/wp-content\/uploads\/2019\/12\/20191023_101444-min-705x529.jpg);\" title=\"20191023_101444-min\" ><\/div><\/div><\/figure><\/a><!--end av-masonry entry--><a href=\"https:\/\/www.gb-fashion.si\/wp-content\/uploads\/2019\/12\/20191023_101457-min-1030x773.jpg\" id='av-masonry-1-item-879' data-av-masonry-item='879' class='av-masonry-entry isotope-item post-879 attachment type-attachment status-inherit hentry  av-masonry-item-with-image av-grid-img' title=\"20191023_101457-min\"  itemprop=\"thumbnailUrl\" ><div class='av-inner-masonry-sizer'><\/div><figure class='av-inner-masonry main_color'><div class=\"av-masonry-outerimage-container\"><div class=\"av-masonry-image-container\" style=\"background-image: url(https:\/\/www.gb-fashion.si\/wp-content\/uploads\/2019\/12\/20191023_101457-min-705x529.jpg);\" title=\"20191023_101457-min\" ><\/div><\/div><\/figure><\/a><!--end av-masonry entry--><a href=\"https:\/\/www.gb-fashion.si\/wp-content\/uploads\/2019\/12\/20191023_101503-min-773x1030.jpg\" id='av-masonry-1-item-880' data-av-masonry-item='880' class='av-masonry-entry isotope-item post-880 attachment type-attachment status-inherit hentry  av-masonry-item-with-image av-grid-img' title=\"20191023_101503-min\"  itemprop=\"thumbnailUrl\" ><div class='av-inner-masonry-sizer'><\/div><figure class='av-inner-masonry main_color'><div class=\"av-masonry-outerimage-container\"><div class=\"av-masonry-image-container\" style=\"background-image: url(https:\/\/www.gb-fashion.si\/wp-content\/uploads\/2019\/12\/20191023_101503-min-529x705.jpg);\" title=\"20191023_101503-min\" ><\/div><\/div><\/figure><\/a><!--end av-masonry entry--><a href=\"https:\/\/www.gb-fashion.si\/wp-content\/uploads\/2019\/12\/20191023_101512-min-1030x773.jpg\" id='av-masonry-1-item-881' data-av-masonry-item='881' class='av-masonry-entry isotope-item post-881 attachment type-attachment status-inherit hentry  av-masonry-item-with-image av-grid-img' title=\"20191023_101512-min\"  itemprop=\"thumbnailUrl\" ><div class='av-inner-masonry-sizer'><\/div><figure class='av-inner-masonry main_color'><div class=\"av-masonry-outerimage-container\"><div class=\"av-masonry-image-container\" style=\"background-image: url(https:\/\/www.gb-fashion.si\/wp-content\/uploads\/2019\/12\/20191023_101512-min-705x529.jpg);\" title=\"20191023_101512-min\" ><\/div><\/div><\/figure><\/a><!--end av-masonry entry--><a href=\"https:\/\/www.gb-fashion.si\/wp-content\/uploads\/2019\/12\/20191023_101535-min-1030x773.jpg\" id='av-masonry-1-item-883' data-av-masonry-item='883' class='av-masonry-entry isotope-item post-883 attachment type-attachment status-inherit hentry  av-masonry-item-with-image av-grid-img' title=\"20191023_101535-min\"  itemprop=\"thumbnailUrl\" ><div class='av-inner-masonry-sizer'><\/div><figure class='av-inner-masonry main_color'><div class=\"av-masonry-outerimage-container\"><div class=\"av-masonry-image-container\" style=\"background-image: url(https:\/\/www.gb-fashion.si\/wp-content\/uploads\/2019\/12\/20191023_101535-min-705x529.jpg);\" title=\"20191023_101535-min\" ><\/div><\/div><\/figure><\/a><!--end av-masonry entry--><a href=\"https:\/\/www.gb-fashion.si\/wp-content\/uploads\/2019\/12\/20191106_093305-min-773x1030.jpg\" id='av-masonry-1-item-884' data-av-masonry-item='884' class='av-masonry-entry isotope-item post-884 attachment type-attachment status-inherit hentry  av-masonry-item-with-image av-grid-img' title=\"20191106_093305-min\"  itemprop=\"thumbnailUrl\" ><div class='av-inner-masonry-sizer'><\/div><figure class='av-inner-masonry main_color'><div class=\"av-masonry-outerimage-container\"><div class=\"av-masonry-image-container\" style=\"background-image: url(https:\/\/www.gb-fashion.si\/wp-content\/uploads\/2019\/12\/20191106_093305-min-529x705.jpg);\" title=\"20191106_093305-min\" ><\/div><\/div><\/figure><\/a><!--end av-masonry entry--><a href=\"https:\/\/www.gb-fashion.si\/wp-content\/uploads\/2019\/12\/20191106_093413-min-1030x773.jpg\" id='av-masonry-1-item-885' data-av-masonry-item='885' class='av-masonry-entry isotope-item post-885 attachment type-attachment status-inherit hentry  av-masonry-item-with-image av-grid-img' title=\"20191106_093413-min\"  itemprop=\"thumbnailUrl\" ><div class='av-inner-masonry-sizer'><\/div><figure class='av-inner-masonry main_color'><div class=\"av-masonry-outerimage-container\"><div class=\"av-masonry-image-container\" style=\"background-image: url(https:\/\/www.gb-fashion.si\/wp-content\/uploads\/2019\/12\/20191106_093413-min-705x529.jpg);\" title=\"20191106_093413-min\" ><\/div><\/div><\/figure><\/a><!--end av-masonry entry--><a href=\"https:\/\/www.gb-fashion.si\/wp-content\/uploads\/2019\/12\/20191106_093427-min-1030x773.jpg\" id='av-masonry-1-item-886' data-av-masonry-item='886' class='av-masonry-entry isotope-item post-886 attachment type-attachment status-inherit hentry  av-masonry-item-with-image av-grid-img' title=\"20191106_093427-min\"  itemprop=\"thumbnailUrl\" ><div class='av-inner-masonry-sizer'><\/div><figure class='av-inner-masonry main_color'><div class=\"av-masonry-outerimage-container\"><div class=\"av-masonry-image-container\" style=\"background-image: url(https:\/\/www.gb-fashion.si\/wp-content\/uploads\/2019\/12\/20191106_093427-min-705x529.jpg);\" title=\"20191106_093427-min\" ><\/div><\/div><\/figure><\/a><!--end av-masonry entry--><a href=\"https:\/\/www.gb-fashion.si\/wp-content\/uploads\/2019\/12\/20191106_093759-min-1030x773.jpg\" id='av-masonry-1-item-887' data-av-masonry-item='887' class='av-masonry-entry isotope-item post-887 attachment type-attachment status-inherit hentry  av-masonry-item-with-image av-grid-img' title=\"20191106_093759-min\"  itemprop=\"thumbnailUrl\" ><div class='av-inner-masonry-sizer'><\/div><figure class='av-inner-masonry main_color'><div class=\"av-masonry-outerimage-container\"><div class=\"av-masonry-image-container\" style=\"background-image: url(https:\/\/www.gb-fashion.si\/wp-content\/uploads\/2019\/12\/20191106_093759-min-705x529.jpg);\" title=\"20191106_093759-min\" ><\/div><\/div><\/figure><\/a><!--end av-masonry entry--><a href=\"https:\/\/www.gb-fashion.si\/wp-content\/uploads\/2019\/12\/20191129_122902-min-773x1030.jpg\" id='av-masonry-1-item-888' data-av-masonry-item='888' class='av-masonry-entry isotope-item post-888 attachment type-attachment status-inherit hentry  av-masonry-item-with-image av-grid-img' title=\"20191129_122902-min\"  itemprop=\"thumbnailUrl\" ><div class='av-inner-masonry-sizer'><\/div><figure class='av-inner-masonry main_color'><div class=\"av-masonry-outerimage-container\"><div class=\"av-masonry-image-container\" style=\"background-image: url(https:\/\/www.gb-fashion.si\/wp-content\/uploads\/2019\/12\/20191129_122902-min-529x705.jpg);\" title=\"20191129_122902-min\" ><\/div><\/div><\/figure><\/a><!--end av-masonry entry--><a href=\"https:\/\/www.gb-fashion.si\/wp-content\/uploads\/2019\/12\/20191129_122908-min-773x1030.jpg\" id='av-masonry-1-item-891' data-av-masonry-item='891' class='av-masonry-entry isotope-item post-891 attachment type-attachment status-inherit hentry  av-masonry-item-with-image av-grid-img' title=\"20191129_122908-min\"  itemprop=\"thumbnailUrl\" ><div class='av-inner-masonry-sizer'><\/div><figure class='av-inner-masonry main_color'><div class=\"av-masonry-outerimage-container\"><div class=\"av-masonry-image-container\" style=\"background-image: url(https:\/\/www.gb-fashion.si\/wp-content\/uploads\/2019\/12\/20191129_122908-min-529x705.jpg);\" title=\"20191129_122908-min\" ><\/div><\/div><\/figure><\/a><!--end av-masonry entry--><a href=\"https:\/\/www.gb-fashion.si\/wp-content\/uploads\/2019\/12\/20191129_122929-min-773x1030.jpg\" id='av-masonry-1-item-892' data-av-masonry-item='892' class='av-masonry-entry isotope-item post-892 attachment type-attachment status-inherit hentry  av-masonry-item-with-image av-grid-img' title=\"20191129_122929-min\"  itemprop=\"thumbnailUrl\" ><div class='av-inner-masonry-sizer'><\/div><figure class='av-inner-masonry main_color'><div class=\"av-masonry-outerimage-container\"><div class=\"av-masonry-image-container\" style=\"background-image: url(https:\/\/www.gb-fashion.si\/wp-content\/uploads\/2019\/12\/20191129_122929-min-529x705.jpg);\" title=\"20191129_122929-min\" ><\/div><\/div><\/figure><\/a><!--end av-masonry entry--><a href=\"https:\/\/www.gb-fashion.si\/wp-content\/uploads\/2019\/12\/20191129_123028-min-1030x773.jpg\" id='av-masonry-1-item-893' data-av-masonry-item='893' class='av-masonry-entry isotope-item post-893 attachment type-attachment status-inherit hentry  av-masonry-item-with-image av-grid-img' title=\"20191129_123028-min\"  itemprop=\"thumbnailUrl\" ><div class='av-inner-masonry-sizer'><\/div><figure class='av-inner-masonry main_color'><div class=\"av-masonry-outerimage-container\"><div class=\"av-masonry-image-container\" style=\"background-image: url(https:\/\/www.gb-fashion.si\/wp-content\/uploads\/2019\/12\/20191129_123028-min-705x529.jpg);\" title=\"20191129_123028-min\" ><\/div><\/div><\/figure><\/a><!--end av-masonry entry--><a href=\"https:\/\/www.gb-fashion.si\/wp-content\/uploads\/2019\/12\/20191129_123045-min-1030x773.jpg\" id='av-masonry-1-item-894' data-av-masonry-item='894' class='av-masonry-entry isotope-item post-894 attachment type-attachment status-inherit hentry  av-masonry-item-with-image av-grid-img' title=\"20191129_123045-min\"  itemprop=\"thumbnailUrl\" ><div class='av-inner-masonry-sizer'><\/div><figure class='av-inner-masonry main_color'><div class=\"av-masonry-outerimage-container\"><div class=\"av-masonry-image-container\" style=\"background-image: url(https:\/\/www.gb-fashion.si\/wp-content\/uploads\/2019\/12\/20191129_123045-min-705x529.jpg);\" title=\"20191129_123045-min\" ><\/div><\/div><\/figure><\/a><!--end av-masonry entry--><a href=\"https:\/\/www.gb-fashion.si\/wp-content\/uploads\/2019\/12\/20191129_123105-min-773x1030.jpg\" id='av-masonry-1-item-895' data-av-masonry-item='895' class='av-masonry-entry isotope-item post-895 attachment type-attachment status-inherit hentry  av-masonry-item-with-image av-grid-img' title=\"20191129_123105-min\"  itemprop=\"thumbnailUrl\" ><div class='av-inner-masonry-sizer'><\/div><figure class='av-inner-masonry main_color'><div class=\"av-masonry-outerimage-container\"><div class=\"av-masonry-image-container\" style=\"background-image: url(https:\/\/www.gb-fashion.si\/wp-content\/uploads\/2019\/12\/20191129_123105-min-529x705.jpg);\" title=\"20191129_123105-min\" ><\/div><\/div><\/figure><\/a><!--end av-masonry entry--><a href=\"https:\/\/www.gb-fashion.si\/wp-content\/uploads\/2019\/12\/20191129_123111-min-1030x773.jpg\" id='av-masonry-1-item-896' data-av-masonry-item='896' class='av-masonry-entry isotope-item post-896 attachment type-attachment status-inherit hentry  av-masonry-item-with-image av-grid-img' title=\"20191129_123111-min\"  itemprop=\"thumbnailUrl\" ><div class='av-inner-masonry-sizer'><\/div><figure class='av-inner-masonry main_color'><div class=\"av-masonry-outerimage-container\"><div class=\"av-masonry-image-container\" style=\"background-image: url(https:\/\/www.gb-fashion.si\/wp-content\/uploads\/2019\/12\/20191129_123111-min-705x529.jpg);\" title=\"20191129_123111-min\" ><\/div><\/div><\/figure><\/a><!--end av-masonry entry--><a href=\"https:\/\/www.gb-fashion.si\/wp-content\/uploads\/2019\/12\/20191129_123125-min-1030x773.jpg\" id='av-masonry-1-item-897' data-av-masonry-item='897' class='av-masonry-entry isotope-item post-897 attachment type-attachment status-inherit hentry  av-masonry-item-with-image av-grid-img' title=\"20191129_123125-min\"  itemprop=\"thumbnailUrl\" ><div class='av-inner-masonry-sizer'><\/div><figure class='av-inner-masonry main_color'><div class=\"av-masonry-outerimage-container\"><div class=\"av-masonry-image-container\" style=\"background-image: url(https:\/\/www.gb-fashion.si\/wp-content\/uploads\/2019\/12\/20191129_123125-min-705x529.jpg);\" title=\"20191129_123125-min\" ><\/div><\/div><\/figure><\/a><!--end av-masonry entry--><a href=\"https:\/\/www.gb-fashion.si\/wp-content\/uploads\/2019\/12\/20191211_145614-min-1030x773.jpg\" id='av-masonry-1-item-999' data-av-masonry-item='999' class='av-masonry-entry isotope-item post-999 attachment type-attachment status-inherit hentry  av-masonry-item-with-image av-grid-img' title=\"20191211_145614-min\"  itemprop=\"thumbnailUrl\" ><div class='av-inner-masonry-sizer'><\/div><figure class='av-inner-masonry main_color'><div class=\"av-masonry-outerimage-container\"><div class=\"av-masonry-image-container\" style=\"background-image: url(https:\/\/www.gb-fashion.si\/wp-content\/uploads\/2019\/12\/20191211_145614-min-705x529.jpg);\" title=\"20191211_145614-min\" ><\/div><\/div><\/figure><\/a><!--end av-masonry entry--><a href=\"https:\/\/www.gb-fashion.si\/wp-content\/uploads\/2019\/12\/20191211_145824-min-773x1030.jpg\" id='av-masonry-1-item-1000' data-av-masonry-item='1000' class='av-masonry-entry isotope-item post-1000 attachment type-attachment status-inherit hentry  av-masonry-item-with-image av-grid-img' title=\"20191211_145824-min\"  itemprop=\"thumbnailUrl\" ><div class='av-inner-masonry-sizer'><\/div><figure class='av-inner-masonry main_color'><div class=\"av-masonry-outerimage-container\"><div class=\"av-masonry-image-container\" style=\"background-image: url(https:\/\/www.gb-fashion.si\/wp-content\/uploads\/2019\/12\/20191211_145824-min-529x705.jpg);\" title=\"20191211_145824-min\" ><\/div><\/div><\/figure><\/a><!--end av-masonry entry--><a href=\"https:\/\/www.gb-fashion.si\/wp-content\/uploads\/2019\/12\/20191211_145840-min-773x1030.jpg\" id='av-masonry-1-item-1002' data-av-masonry-item='1002' class='av-masonry-entry isotope-item post-1002 attachment type-attachment status-inherit hentry  av-masonry-item-with-image av-grid-img' title=\"20191211_145840-min\"  itemprop=\"thumbnailUrl\" ><div class='av-inner-masonry-sizer'><\/div><figure class='av-inner-masonry main_color'><div class=\"av-masonry-outerimage-container\"><div class=\"av-masonry-image-container\" style=\"background-image: url(https:\/\/www.gb-fashion.si\/wp-content\/uploads\/2019\/12\/20191211_145840-min-529x705.jpg);\" title=\"20191211_145840-min\" ><\/div><\/div><\/figure><\/a><!--end av-masonry entry--><\/div><\/div>","protected":false},"excerpt":{"rendered":"","protected":false},"author":1,"featured_media":0,"parent":0,"menu_order":0,"comment_status":"closed","ping_status":"closed","template":"","meta":{"footnotes":""},"class_list":["post-154","page","type-page","status-publish","hentry"],"yoast_head":"<!-- This site is optimized with the Yoast SEO plugin v24.4 - https:\/\/yoast.com\/wordpress\/plugins\/seo\/ -->\n<title>O podjetju | GB Fashion<\/title>\n<meta name=\"robots\" content=\"index, follow, max-snippet:-1, max-image-preview:large, max-video-preview:-1\" \/>\n<link rel=\"canonical\" href=\"https:\/\/www.gb-fashion.si\/en\/o-podjetju\/\" \/>\n<meta property=\"og:locale\" content=\"en_US\" \/>\n<meta property=\"og:type\" content=\"article\" \/>\n<meta property=\"og:title\" content=\"O podjetju | GB Fashion\" \/>\n<meta property=\"og:url\" content=\"https:\/\/www.gb-fashion.si\/en\/o-podjetju\/\" \/>\n<meta property=\"og:site_name\" content=\"GB Fashion\" \/>\n<meta property=\"article:modified_time\" content=\"2025-02-18T07:04:19+00:00\" \/>\n<meta name=\"twitter:card\" content=\"summary_large_image\" \/>\n<meta name=\"twitter:label1\" content=\"Est. reading time\" \/>\n\t<meta name=\"twitter:data1\" content=\"1 minute\" \/>\n<script type=\"application\/ld+json\" class=\"yoast-schema-graph\">{\"@context\":\"https:\/\/schema.org\",\"@graph\":[{\"@type\":\"WebPage\",\"@id\":\"https:\/\/www.gb-fashion.si\/o-podjetju\/\",\"url\":\"https:\/\/www.gb-fashion.si\/o-podjetju\/\",\"name\":\"O podjetju | GB Fashion\",\"isPartOf\":{\"@id\":\"https:\/\/www.gb-fashion.si\/#website\"},\"datePublished\":\"2015-07-16T09:12:44+00:00\",\"dateModified\":\"2025-02-18T07:04:19+00:00\",\"breadcrumb\":{\"@id\":\"https:\/\/www.gb-fashion.si\/o-podjetju\/#breadcrumb\"},\"inLanguage\":\"en-US\",\"potentialAction\":[{\"@type\":\"ReadAction\",\"target\":[\"https:\/\/www.gb-fashion.si\/o-podjetju\/\"]}]},{\"@type\":\"BreadcrumbList\",\"@id\":\"https:\/\/www.gb-fashion.si\/o-podjetju\/#breadcrumb\",\"itemListElement\":[{\"@type\":\"ListItem\",\"position\":1,\"name\":\"Home\",\"item\":\"https:\/\/www.gb-fashion.si\/\"},{\"@type\":\"ListItem\",\"position\":2,\"name\":\"O podjetju\"}]},{\"@type\":\"WebSite\",\"@id\":\"https:\/\/www.gb-fashion.si\/#website\",\"url\":\"https:\/\/www.gb-fashion.si\/\",\"name\":\"GB Fashion\",\"description\":\"Uvoznik za Exterra, Big Star in P.. S.. Fashion\",\"publisher\":{\"@id\":\"https:\/\/www.gb-fashion.si\/#organization\"},\"potentialAction\":[{\"@type\":\"SearchAction\",\"target\":{\"@type\":\"EntryPoint\",\"urlTemplate\":\"https:\/\/www.gb-fashion.si\/?s={search_term_string}\"},\"query-input\":{\"@type\":\"PropertyValueSpecification\",\"valueRequired\":true,\"valueName\":\"search_term_string\"}}],\"inLanguage\":\"en-US\"},{\"@type\":\"Organization\",\"@id\":\"https:\/\/www.gb-fashion.si\/#organization\",\"name\":\"GB Fashion\",\"url\":\"https:\/\/www.gb-fashion.si\/\",\"logo\":{\"@type\":\"ImageObject\",\"inLanguage\":\"en-US\",\"@id\":\"https:\/\/www.gb-fashion.si\/#\/schema\/logo\/image\/\",\"url\":\"https:\/\/www.gb-fashion.si\/wp-content\/uploads\/2019\/11\/fashion_logo-min-e1572945789797.jpg\",\"contentUrl\":\"https:\/\/www.gb-fashion.si\/wp-content\/uploads\/2019\/11\/fashion_logo-min-e1572945789797.jpg\",\"width\":272,\"height\":296,\"caption\":\"GB Fashion\"},\"image\":{\"@id\":\"https:\/\/www.gb-fashion.si\/#\/schema\/logo\/image\/\"}}]}<\/script>\n<!-- \/ Yoast SEO plugin. -->","yoast_head_json":{"title":"O podjetju | GB Fashion","robots":{"index":"index","follow":"follow","max-snippet":"max-snippet:-1","max-image-preview":"max-image-preview:large","max-video-preview":"max-video-preview:-1"},"canonical":"https:\/\/www.gb-fashion.si\/en\/o-podjetju\/","og_locale":"en_US","og_type":"article","og_title":"O podjetju | GB Fashion","og_url":"https:\/\/www.gb-fashion.si\/en\/o-podjetju\/","og_site_name":"GB Fashion","article_modified_time":"2025-02-18T07:04:19+00:00","twitter_card":"summary_large_image","twitter_misc":{"Est. reading time":"1 minute"},"schema":{"@context":"https:\/\/schema.org","@graph":[{"@type":"WebPage","@id":"https:\/\/www.gb-fashion.si\/o-podjetju\/","url":"https:\/\/www.gb-fashion.si\/o-podjetju\/","name":"O podjetju | GB Fashion","isPartOf":{"@id":"https:\/\/www.gb-fashion.si\/#website"},"datePublished":"2015-07-16T09:12:44+00:00","dateModified":"2025-02-18T07:04:19+00:00","breadcrumb":{"@id":"https:\/\/www.gb-fashion.si\/o-podjetju\/#breadcrumb"},"inLanguage":"en-US","potentialAction":[{"@type":"ReadAction","target":["https:\/\/www.gb-fashion.si\/o-podjetju\/"]}]},{"@type":"BreadcrumbList","@id":"https:\/\/www.gb-fashion.si\/o-podjetju\/#breadcrumb","itemListElement":[{"@type":"ListItem","position":1,"name":"Home","item":"https:\/\/www.gb-fashion.si\/"},{"@type":"ListItem","position":2,"name":"O podjetju"}]},{"@type":"WebSite","@id":"https:\/\/www.gb-fashion.si\/#website","url":"https:\/\/www.gb-fashion.si\/","name":"GB Fashion","description":"Uvoznik za Exterra, Big Star in P.. S.. Fashion","publisher":{"@id":"https:\/\/www.gb-fashion.si\/#organization"},"potentialAction":[{"@type":"SearchAction","target":{"@type":"EntryPoint","urlTemplate":"https:\/\/www.gb-fashion.si\/?s={search_term_string}"},"query-input":{"@type":"PropertyValueSpecification","valueRequired":true,"valueName":"search_term_string"}}],"inLanguage":"en-US"},{"@type":"Organization","@id":"https:\/\/www.gb-fashion.si\/#organization","name":"GB Fashion","url":"https:\/\/www.gb-fashion.si\/","logo":{"@type":"ImageObject","inLanguage":"en-US","@id":"https:\/\/www.gb-fashion.si\/#\/schema\/logo\/image\/","url":"https:\/\/www.gb-fashion.si\/wp-content\/uploads\/2019\/11\/fashion_logo-min-e1572945789797.jpg","contentUrl":"https:\/\/www.gb-fashion.si\/wp-content\/uploads\/2019\/11\/fashion_logo-min-e1572945789797.jpg","width":272,"height":296,"caption":"GB Fashion"},"image":{"@id":"https:\/\/www.gb-fashion.si\/#\/schema\/logo\/image\/"}}]}},"_links":{"self":[{"href":"https:\/\/www.gb-fashion.si\/en\/wp-json\/wp\/v2\/pages\/154","targetHints":{"allow":["GET"]}}],"collection":[{"href":"https:\/\/www.gb-fashion.si\/en\/wp-json\/wp\/v2\/pages"}],"about":[{"href":"https:\/\/www.gb-fashion.si\/en\/wp-json\/wp\/v2\/types\/page"}],"author":[{"embeddable":true,"href":"https:\/\/www.gb-fashion.si\/en\/wp-json\/wp\/v2\/users\/1"}],"replies":[{"embeddable":true,"href":"https:\/\/www.gb-fashion.si\/en\/wp-json\/wp\/v2\/comments?post=154"}],"version-history":[{"count":26,"href":"https:\/\/www.gb-fashion.si\/en\/wp-json\/wp\/v2\/pages\/154\/revisions"}],"predecessor-version":[{"id":1375,"href":"https:\/\/www.gb-fashion.si\/en\/wp-json\/wp\/v2\/pages\/154\/revisions\/1375"}],"wp:attachment":[{"href":"https:\/\/www.gb-fashion.si\/en\/wp-json\/wp\/v2\/media?parent=154"}],"curies":[{"name":"wp","href":"https:\/\/api.w.org\/{rel}","templated":true}]}}