{"id":1426,"date":"2025-03-10T09:49:54","date_gmt":"2025-03-10T09:49:54","guid":{"rendered":"https:\/\/www.gb-fashion.si\/?page_id=1426"},"modified":"2025-03-11T07:42:23","modified_gmt":"2025-03-11T07:42:23","slug":"tiffosi","status":"publish","type":"page","link":"https:\/\/www.gb-fashion.si\/en\/tiffosi\/","title":{"rendered":"Tiffosi"},"content":{"rendered":"<div class='flex_column_table av-equal-height-column-flextable -flextable' ><div class=\"flex_column av_one_half  flex_column_table_cell av-equal-height-column av-align-top av-zero-column-padding first  avia-builder-el-0  el_before_av_one_half  avia-builder-el-first\" style='border-radius:0px; '><p><div  class='avia-image-container  av-styling-    avia-builder-el-1  el_before_av_heading  avia-builder-el-first  avia-align-center'  itemprop=\"image\" itemscope=\"itemscope\" itemtype=\"https:\/\/schema.org\/ImageObject\"  ><div class='avia-image-container-inner'><div class='avia-image-overlay-wrap'><img class='avia_image' src='https:\/\/www.gb-fashion.si\/wp-content\/uploads\/2025\/03\/tiffosi-logo-transparent1-300x110.png' alt='' title='tiffosi logo transparent1' height=\"110\" width=\"300\"  itemprop=\"thumbnailUrl\"  \/><\/div><\/div><\/div><br \/>\n<div  style='padding-bottom:10px; ' class='av-special-heading av-special-heading-h3  blockquote modern-quote  avia-builder-el-2  el_after_av_image  el_before_av_textblock'><h3 class='av-special-heading-tag'  itemprop=\"headline\"  >Tiffosi<\/h3><div class='special-heading-border'><div class='special-heading-inner-border' ><\/div><\/div><\/div><br \/>\n<section class=\"av_textblock_section\"  itemscope=\"itemscope\" itemtype=\"https:\/\/schema.org\/CreativeWork\" ><div class='avia_textblock'   itemprop=\"text\" ><div class=\"gmail-layout-content gmail-promo-open\">\n<p><span style=\"font-size: 16px;\">As a Portuguese brand for over 40 years, Tiffosi has been fostering a love of denim, combining style, comfort and innovation to create fashion pieces that fit seamlessly into your everyday life. We believe that style should be as versatile as you are. That's why we design clothes that accompany you at every moment, always delivering the quality you deserve.<\/span><\/p>\n<\/div>\n<div><\/div>\n<div><\/div>\n<div><\/div>\n<div><\/div>\n<div class=\"gmail-layout-content gmail-promo-open\"><\/div>\n<div><\/div>\n<\/div><\/section><\/p><\/div><div class='av-flex-placeholder'><\/div><div class=\"flex_column av_one_half  flex_column_table_cell av-equal-height-column av-align-top av-zero-column-padding   avia-builder-el-4  el_after_av_one_half  avia-builder-el-last\" style='border-radius:0px; '><div id='av-masonry-1' class='av-masonry  noHover av-fixed-size av-large-gap av-hover-overlay-active av-masonry-animation-active av-masonry-col-3 av-caption-always av-caption-style- av-masonry-gallery'  ><div class='av-masonry-container isotope av-js-disabled' ><div class='av-masonry-entry isotope-item av-masonry-item-no-image'><\/div><a href=\"https:\/\/www.gb-fashion.si\/wp-content\/uploads\/2025\/03\/tiffosi.png\" id='av-masonry-1-item-1429' data-av-masonry-item='1429' class='av-masonry-entry isotope-item post-1429 attachment type-attachment status-inherit hentry  av-masonry-item-with-image av-landscape-img' title=\"tiffosi\"  itemprop=\"thumbnailUrl\" ><div class='av-inner-masonry-sizer'><\/div><figure class='av-inner-masonry main_color'><div class=\"av-masonry-outerimage-container\"><div class=\"av-masonry-image-container\" style=\"background-image: url(https:\/\/www.gb-fashion.si\/wp-content\/uploads\/2025\/03\/tiffosi-705x414.png);\" title=\"tiffosi\" ><\/div><\/div><\/figure><\/a><!--end av-masonry entry--><a href=\"https:\/\/www.gb-fashion.si\/wp-content\/uploads\/2025\/03\/tiffosi_1-687x1030.jpg\" id='av-masonry-1-item-1430' data-av-masonry-item='1430' class='av-masonry-entry isotope-item post-1430 attachment type-attachment status-inherit hentry  av-masonry-item-with-image av-grid-img' title=\"tiffosi_1\"  itemprop=\"thumbnailUrl\" ><div class='av-inner-masonry-sizer'><\/div><figure class='av-inner-masonry main_color'><div class=\"av-masonry-outerimage-container\"><div class=\"av-masonry-image-container\" style=\"background-image: url(https:\/\/www.gb-fashion.si\/wp-content\/uploads\/2025\/03\/tiffosi_1-470x705.jpg);\" title=\"tiffosi_1\" ><\/div><\/div><\/figure><\/a><!--end av-masonry entry--><a href=\"https:\/\/www.gb-fashion.si\/wp-content\/uploads\/2025\/03\/tiffosi_2-687x1030.jpg\" id='av-masonry-1-item-1431' data-av-masonry-item='1431' class='av-masonry-entry isotope-item post-1431 attachment type-attachment status-inherit hentry  av-masonry-item-with-image av-grid-img' title=\"tiffosi_2\"  itemprop=\"thumbnailUrl\" ><div class='av-inner-masonry-sizer'><\/div><figure class='av-inner-masonry main_color'><div class=\"av-masonry-outerimage-container\"><div class=\"av-masonry-image-container\" style=\"background-image: url(https:\/\/www.gb-fashion.si\/wp-content\/uploads\/2025\/03\/tiffosi_2-470x705.jpg);\" title=\"tiffosi_2\" ><\/div><\/div><\/figure><\/a><!--end av-masonry entry--><a href=\"https:\/\/www.gb-fashion.si\/wp-content\/uploads\/2025\/03\/tiffosi_3-687x1030.jpg\" id='av-masonry-1-item-1432' data-av-masonry-item='1432' class='av-masonry-entry isotope-item post-1432 attachment type-attachment status-inherit hentry  av-masonry-item-with-image av-grid-img' title=\"tiffosi_3\"  itemprop=\"thumbnailUrl\" ><div class='av-inner-masonry-sizer'><\/div><figure class='av-inner-masonry main_color'><div class=\"av-masonry-outerimage-container\"><div class=\"av-masonry-image-container\" style=\"background-image: url(https:\/\/www.gb-fashion.si\/wp-content\/uploads\/2025\/03\/tiffosi_3-470x705.jpg);\" title=\"tiffosi_3\" ><\/div><\/div><\/figure><\/a><!--end av-masonry entry--><a href=\"https:\/\/www.gb-fashion.si\/wp-content\/uploads\/2025\/03\/tiffosi_4-687x1030.jpg\" id='av-masonry-1-item-1433' data-av-masonry-item='1433' class='av-masonry-entry isotope-item post-1433 attachment type-attachment status-inherit hentry  av-masonry-item-with-image av-grid-img' title=\"tiffosi_4\"  itemprop=\"thumbnailUrl\" ><div class='av-inner-masonry-sizer'><\/div><figure class='av-inner-masonry main_color'><div class=\"av-masonry-outerimage-container\"><div class=\"av-masonry-image-container\" style=\"background-image: url(https:\/\/www.gb-fashion.si\/wp-content\/uploads\/2025\/03\/tiffosi_4-470x705.jpg);\" title=\"tiffosi_4\" ><\/div><\/div><\/figure><\/a><!--end av-masonry entry--><a href=\"https:\/\/www.gb-fashion.si\/wp-content\/uploads\/2025\/03\/tiffosi_5-687x1030.jpg\" id='av-masonry-1-item-1434' data-av-masonry-item='1434' class='av-masonry-entry isotope-item post-1434 attachment type-attachment status-inherit hentry  av-masonry-item-with-image av-grid-img' title=\"tiffosi_5\"  itemprop=\"thumbnailUrl\" ><div class='av-inner-masonry-sizer'><\/div><figure class='av-inner-masonry main_color'><div class=\"av-masonry-outerimage-container\"><div class=\"av-masonry-image-container\" style=\"background-image: url(https:\/\/www.gb-fashion.si\/wp-content\/uploads\/2025\/03\/tiffosi_5-470x705.jpg);\" title=\"tiffosi_5\" ><\/div><\/div><\/figure><\/a><!--end av-masonry entry--><a href=\"https:\/\/www.gb-fashion.si\/wp-content\/uploads\/2025\/03\/tiffosi_6-687x1030.jpg\" id='av-masonry-1-item-1435' data-av-masonry-item='1435' class='av-masonry-entry isotope-item post-1435 attachment type-attachment status-inherit hentry  av-masonry-item-with-image av-grid-img' title=\"tiffosi_6\"  itemprop=\"thumbnailUrl\" ><div class='av-inner-masonry-sizer'><\/div><figure class='av-inner-masonry main_color'><div class=\"av-masonry-outerimage-container\"><div class=\"av-masonry-image-container\" style=\"background-image: url(https:\/\/www.gb-fashion.si\/wp-content\/uploads\/2025\/03\/tiffosi_6-470x705.jpg);\" title=\"tiffosi_6\" ><\/div><\/div><\/figure><\/a><!--end av-masonry entry--><a href=\"https:\/\/www.gb-fashion.si\/wp-content\/uploads\/2025\/03\/tiffosi_7-687x1030.jpg\" id='av-masonry-1-item-1436' data-av-masonry-item='1436' class='av-masonry-entry isotope-item post-1436 attachment type-attachment status-inherit hentry  av-masonry-item-with-image av-grid-img' title=\"tiffosi_7\"  itemprop=\"thumbnailUrl\" ><div class='av-inner-masonry-sizer'><\/div><figure class='av-inner-masonry main_color'><div class=\"av-masonry-outerimage-container\"><div class=\"av-masonry-image-container\" style=\"background-image: url(https:\/\/www.gb-fashion.si\/wp-content\/uploads\/2025\/03\/tiffosi_7-470x705.jpg);\" title=\"tiffosi_7\" ><\/div><\/div><\/figure><\/a><!--end av-masonry entry--><a href=\"https:\/\/www.gb-fashion.si\/wp-content\/uploads\/2025\/03\/tiffosi_8-687x1030.jpg\" id='av-masonry-1-item-1437' data-av-masonry-item='1437' class='av-masonry-entry isotope-item post-1437 attachment type-attachment status-inherit hentry  av-masonry-item-with-image av-grid-img' title=\"tiffosi_8\"  itemprop=\"thumbnailUrl\" ><div class='av-inner-masonry-sizer'><\/div><figure class='av-inner-masonry main_color'><div class=\"av-masonry-outerimage-container\"><div class=\"av-masonry-image-container\" style=\"background-image: url(https:\/\/www.gb-fashion.si\/wp-content\/uploads\/2025\/03\/tiffosi_8-470x705.jpg);\" title=\"tiffosi_8\" ><\/div><\/div><\/figure><\/a><!--end av-masonry entry--><\/div><\/div><\/div><\/div><!--close column table wrapper. Autoclose: 1 --><\/p>","protected":false},"excerpt":{"rendered":"<p>Big Star ponuja trendovska jeans obla\u010dila tako za mo\u0161ke kot \u017eenske. Showroom se nahaja na ulici Mirka Vadnova 14, 4000 Kranj.<\/p>","protected":false},"author":1,"featured_media":0,"parent":0,"menu_order":0,"comment_status":"closed","ping_status":"closed","template":"","meta":{"footnotes":""},"class_list":["post-1426","page","type-page","status-publish","hentry"],"yoast_head":"<!-- This site is optimized with the Yoast SEO plugin v24.4 - https:\/\/yoast.com\/wordpress\/plugins\/seo\/ -->\n<title>Tiffosi | Slovenija | GB Fashion<\/title>\n<meta name=\"description\" content=\"Big Star ponuja trendovska jeans obla\u010dila tako za mo\u0161ke kot \u017eenske. Showroom se nahaja na ulici Mirka Vadnova 14, 4000 Kranj. %\" \/>\n<meta name=\"robots\" content=\"index, follow, max-snippet:-1, max-image-preview:large, max-video-preview:-1\" \/>\n<link rel=\"canonical\" href=\"https:\/\/www.gb-fashion.si\/en\/tiffosi\/\" \/>\n<meta property=\"og:locale\" content=\"en_US\" \/>\n<meta property=\"og:type\" content=\"article\" \/>\n<meta property=\"og:title\" content=\"Tiffosi | Slovenija | GB Fashion\" \/>\n<meta property=\"og:description\" content=\"Big Star ponuja trendovska jeans obla\u010dila tako za mo\u0161ke kot \u017eenske. Showroom se nahaja na ulici Mirka Vadnova 14, 4000 Kranj. %\" \/>\n<meta property=\"og:url\" content=\"https:\/\/www.gb-fashion.si\/en\/tiffosi\/\" \/>\n<meta property=\"og:site_name\" content=\"GB Fashion\" \/>\n<meta property=\"article:modified_time\" content=\"2025-03-11T07:42:23+00:00\" \/>\n<meta name=\"twitter:card\" content=\"summary_large_image\" \/>\n<meta name=\"twitter:label1\" content=\"Est. reading time\" \/>\n\t<meta name=\"twitter:data1\" content=\"1 minute\" \/>\n<script type=\"application\/ld+json\" class=\"yoast-schema-graph\">{\"@context\":\"https:\/\/schema.org\",\"@graph\":[{\"@type\":\"WebPage\",\"@id\":\"https:\/\/www.gb-fashion.si\/tiffosi\/\",\"url\":\"https:\/\/www.gb-fashion.si\/tiffosi\/\",\"name\":\"Tiffosi | Slovenija | GB Fashion\",\"isPartOf\":{\"@id\":\"https:\/\/www.gb-fashion.si\/#website\"},\"datePublished\":\"2025-03-10T09:49:54+00:00\",\"dateModified\":\"2025-03-11T07:42:23+00:00\",\"description\":\"Big Star ponuja trendovska jeans obla\u010dila tako za mo\u0161ke kot \u017eenske. Showroom se nahaja na ulici Mirka Vadnova 14, 4000 Kranj. %\",\"breadcrumb\":{\"@id\":\"https:\/\/www.gb-fashion.si\/tiffosi\/#breadcrumb\"},\"inLanguage\":\"en-US\",\"potentialAction\":[{\"@type\":\"ReadAction\",\"target\":[\"https:\/\/www.gb-fashion.si\/tiffosi\/\"]}]},{\"@type\":\"BreadcrumbList\",\"@id\":\"https:\/\/www.gb-fashion.si\/tiffosi\/#breadcrumb\",\"itemListElement\":[{\"@type\":\"ListItem\",\"position\":1,\"name\":\"Home\",\"item\":\"https:\/\/www.gb-fashion.si\/\"},{\"@type\":\"ListItem\",\"position\":2,\"name\":\"Tiffosi\"}]},{\"@type\":\"WebSite\",\"@id\":\"https:\/\/www.gb-fashion.si\/#website\",\"url\":\"https:\/\/www.gb-fashion.si\/\",\"name\":\"GB Fashion\",\"description\":\"Uvoznik za Exterra, Big Star in P.. S.. Fashion\",\"publisher\":{\"@id\":\"https:\/\/www.gb-fashion.si\/#organization\"},\"potentialAction\":[{\"@type\":\"SearchAction\",\"target\":{\"@type\":\"EntryPoint\",\"urlTemplate\":\"https:\/\/www.gb-fashion.si\/?s={search_term_string}\"},\"query-input\":{\"@type\":\"PropertyValueSpecification\",\"valueRequired\":true,\"valueName\":\"search_term_string\"}}],\"inLanguage\":\"en-US\"},{\"@type\":\"Organization\",\"@id\":\"https:\/\/www.gb-fashion.si\/#organization\",\"name\":\"GB Fashion\",\"url\":\"https:\/\/www.gb-fashion.si\/\",\"logo\":{\"@type\":\"ImageObject\",\"inLanguage\":\"en-US\",\"@id\":\"https:\/\/www.gb-fashion.si\/#\/schema\/logo\/image\/\",\"url\":\"https:\/\/www.gb-fashion.si\/wp-content\/uploads\/2019\/11\/fashion_logo-min-e1572945789797.jpg\",\"contentUrl\":\"https:\/\/www.gb-fashion.si\/wp-content\/uploads\/2019\/11\/fashion_logo-min-e1572945789797.jpg\",\"width\":272,\"height\":296,\"caption\":\"GB Fashion\"},\"image\":{\"@id\":\"https:\/\/www.gb-fashion.si\/#\/schema\/logo\/image\/\"}}]}<\/script>\n<!-- \/ Yoast SEO plugin. -->","yoast_head_json":{"title":"Tiffosi | Slovenija | GB Fashion","description":"Big Star ponuja trendovska jeans obla\u010dila tako za mo\u0161ke kot \u017eenske. Showroom se nahaja na ulici Mirka Vadnova 14, 4000 Kranj. %","robots":{"index":"index","follow":"follow","max-snippet":"max-snippet:-1","max-image-preview":"max-image-preview:large","max-video-preview":"max-video-preview:-1"},"canonical":"https:\/\/www.gb-fashion.si\/en\/tiffosi\/","og_locale":"en_US","og_type":"article","og_title":"Tiffosi | Slovenija | GB Fashion","og_description":"Big Star ponuja trendovska jeans obla\u010dila tako za mo\u0161ke kot \u017eenske. Showroom se nahaja na ulici Mirka Vadnova 14, 4000 Kranj. %","og_url":"https:\/\/www.gb-fashion.si\/en\/tiffosi\/","og_site_name":"GB Fashion","article_modified_time":"2025-03-11T07:42:23+00:00","twitter_card":"summary_large_image","twitter_misc":{"Est. reading time":"1 minute"},"schema":{"@context":"https:\/\/schema.org","@graph":[{"@type":"WebPage","@id":"https:\/\/www.gb-fashion.si\/tiffosi\/","url":"https:\/\/www.gb-fashion.si\/tiffosi\/","name":"Tiffosi | Slovenija | GB Fashion","isPartOf":{"@id":"https:\/\/www.gb-fashion.si\/#website"},"datePublished":"2025-03-10T09:49:54+00:00","dateModified":"2025-03-11T07:42:23+00:00","description":"Big Star ponuja trendovska jeans obla\u010dila tako za mo\u0161ke kot \u017eenske. Showroom se nahaja na ulici Mirka Vadnova 14, 4000 Kranj. %","breadcrumb":{"@id":"https:\/\/www.gb-fashion.si\/tiffosi\/#breadcrumb"},"inLanguage":"en-US","potentialAction":[{"@type":"ReadAction","target":["https:\/\/www.gb-fashion.si\/tiffosi\/"]}]},{"@type":"BreadcrumbList","@id":"https:\/\/www.gb-fashion.si\/tiffosi\/#breadcrumb","itemListElement":[{"@type":"ListItem","position":1,"name":"Home","item":"https:\/\/www.gb-fashion.si\/"},{"@type":"ListItem","position":2,"name":"Tiffosi"}]},{"@type":"WebSite","@id":"https:\/\/www.gb-fashion.si\/#website","url":"https:\/\/www.gb-fashion.si\/","name":"GB Fashion","description":"Uvoznik za Exterra, Big Star in P.. S.. Fashion","publisher":{"@id":"https:\/\/www.gb-fashion.si\/#organization"},"potentialAction":[{"@type":"SearchAction","target":{"@type":"EntryPoint","urlTemplate":"https:\/\/www.gb-fashion.si\/?s={search_term_string}"},"query-input":{"@type":"PropertyValueSpecification","valueRequired":true,"valueName":"search_term_string"}}],"inLanguage":"en-US"},{"@type":"Organization","@id":"https:\/\/www.gb-fashion.si\/#organization","name":"GB Fashion","url":"https:\/\/www.gb-fashion.si\/","logo":{"@type":"ImageObject","inLanguage":"en-US","@id":"https:\/\/www.gb-fashion.si\/#\/schema\/logo\/image\/","url":"https:\/\/www.gb-fashion.si\/wp-content\/uploads\/2019\/11\/fashion_logo-min-e1572945789797.jpg","contentUrl":"https:\/\/www.gb-fashion.si\/wp-content\/uploads\/2019\/11\/fashion_logo-min-e1572945789797.jpg","width":272,"height":296,"caption":"GB Fashion"},"image":{"@id":"https:\/\/www.gb-fashion.si\/#\/schema\/logo\/image\/"}}]}},"_links":{"self":[{"href":"https:\/\/www.gb-fashion.si\/en\/wp-json\/wp\/v2\/pages\/1426","targetHints":{"allow":["GET"]}}],"collection":[{"href":"https:\/\/www.gb-fashion.si\/en\/wp-json\/wp\/v2\/pages"}],"about":[{"href":"https:\/\/www.gb-fashion.si\/en\/wp-json\/wp\/v2\/types\/page"}],"author":[{"embeddable":true,"href":"https:\/\/www.gb-fashion.si\/en\/wp-json\/wp\/v2\/users\/1"}],"replies":[{"embeddable":true,"href":"https:\/\/www.gb-fashion.si\/en\/wp-json\/wp\/v2\/comments?post=1426"}],"version-history":[{"count":4,"href":"https:\/\/www.gb-fashion.si\/en\/wp-json\/wp\/v2\/pages\/1426\/revisions"}],"predecessor-version":[{"id":1428,"href":"https:\/\/www.gb-fashion.si\/en\/wp-json\/wp\/v2\/pages\/1426\/revisions\/1428"}],"wp:attachment":[{"href":"https:\/\/www.gb-fashion.si\/en\/wp-json\/wp\/v2\/media?parent=1426"}],"curies":[{"name":"wp","href":"https:\/\/api.w.org\/{rel}","templated":true}]}}