{"id":1386,"date":"2025-02-19T07:21:11","date_gmt":"2025-02-19T07:21:11","guid":{"rendered":"https:\/\/www.gb-fashion.si\/?page_id=1386"},"modified":"2025-03-12T10:02:48","modified_gmt":"2025-03-12T10:02:48","slug":"volcano","status":"publish","type":"page","link":"https:\/\/www.gb-fashion.si\/en\/volcano\/","title":{"rendered":"Volcano"},"content":{"rendered":"<div class='flex_column_table av-equal-height-column-flextable -flextable' ><div class=\"flex_column av_one_half  flex_column_table_cell av-equal-height-column av-align-top av-zero-column-padding first  avia-builder-el-0  el_before_av_one_half  avia-builder-el-first\" style='border-radius:0px; '><p><div  class='avia-image-container  av-styling-    avia-builder-el-1  el_before_av_textblock  avia-builder-el-first  avia-align-center'  itemprop=\"image\" itemscope=\"itemscope\" itemtype=\"https:\/\/schema.org\/ImageObject\"  ><div class='avia-image-container-inner'><div class='avia-image-overlay-wrap'><img class='avia_image' src='https:\/\/www.gb-fashion.si\/wp-content\/uploads\/2025\/02\/logo_volcano-1-300x104.png' alt='' title='logo_volcano' height=\"104\" width=\"300\"  itemprop=\"thumbnailUrl\"  \/><\/div><\/div><\/div><br \/>\n<section class=\"av_textblock_section\"  itemscope=\"itemscope\" itemtype=\"https:\/\/schema.org\/CreativeWork\" ><div class='avia_textblock'   itemprop=\"text\" ><div class=\"gmail-layout-content gmail-promo-open\">\n<p>Volcano - a brand with more than 30 years of experience in the leisurewear design and creation market.<\/p>\n<p>Feel comfort in all conditions<\/p>\n<p>We design collections that are the essence of casual style. Classic cuts, universal patterns and attention to quality craftsmanship and detail make our clothes timeless. That's what sets Volcano apart - durability and versatility.<\/p>\n<p>Wrap yourself in the texture of the material<\/p>\n<p>Nature is in our DNA. That's why our clothes are made from soft, pleasant-to-the-touch and natural fabrics. This ensures maximum comfort and freedom and gives a feeling of security, which we need so much every day, wherever we are. We try to combine style and functionality in our clothes.<\/p>\n<p>Respect what you love<\/p>\n<p>At Volcano, we attach great importance to protecting the environment and respecting nature. Volcano is a leisurewear brand for men and women, designed with respect for the natural environment and the idea of sustainable fashion, using, among other things, ecological raw materials in its production.<\/p>\n<p>Pozorni smo na visoko kakovost izdelave in izbor materialov, ki vam omogo\u010dajo, da visoko kakovost obla\u010dil ohranite dlje \u010dasa.<\/p>\n<\/div>\n<div><\/div>\n<div class=\"gmail-layout-content gmail-promo-open\"><\/div>\n<div><\/div>\n<\/div><\/section><br \/>\n<div  class='avia-button-wrap avia-button-center  avia-builder-el-3  el_after_av_textblock  avia-builder-el-last' ><a href='https:\/\/volcano.pl\/'  class='avia-button   avia-icon_select-no avia-color-theme-color avia-size-small avia-position-center'   ><span class='avia_iconbox_title' >Uradna stran<\/span><\/a><\/div><\/p><\/div><div class='av-flex-placeholder'><\/div><div class=\"flex_column av_one_half  flex_column_table_cell av-equal-height-column av-align-top av-zero-column-padding   avia-builder-el-4  el_after_av_one_half  avia-builder-el-last\" style='border-radius:0px; '><div id='av-masonry-1' class='av-masonry  noHover av-fixed-size av-large-gap av-hover-overlay-active av-masonry-animation-active av-masonry-col-3 av-caption-always av-caption-style- av-masonry-gallery'  ><div class='av-masonry-container isotope av-js-disabled' ><div class='av-masonry-entry isotope-item av-masonry-item-no-image'><\/div><a href=\"https:\/\/www.gb-fashion.si\/wp-content\/uploads\/2025\/02\/1-1030x624.jpg\" id='av-masonry-1-item-1395' data-av-masonry-item='1395' class='av-masonry-entry isotope-item post-1395 attachment type-attachment status-inherit hentry  av-masonry-item-with-image av-grid-img' title=\"1\"  itemprop=\"thumbnailUrl\" ><div class='av-inner-masonry-sizer'><\/div><figure class='av-inner-masonry main_color'><div class=\"av-masonry-outerimage-container\"><div class=\"av-masonry-image-container\" style=\"background-image: url(https:\/\/www.gb-fashion.si\/wp-content\/uploads\/2025\/02\/1-705x427.jpg);\" title=\"1\" ><\/div><\/div><\/figure><\/a><!--end av-masonry entry--><a href=\"https:\/\/www.gb-fashion.si\/wp-content\/uploads\/2025\/02\/04_3-1030x744.jpg\" id='av-masonry-1-item-1396' data-av-masonry-item='1396' class='av-masonry-entry isotope-item post-1396 attachment type-attachment status-inherit hentry  av-masonry-item-with-image av-grid-img' title=\"04_3\"  itemprop=\"thumbnailUrl\" ><div class='av-inner-masonry-sizer'><\/div><figure class='av-inner-masonry main_color'><div class=\"av-masonry-outerimage-container\"><div class=\"av-masonry-image-container\" style=\"background-image: url(https:\/\/www.gb-fashion.si\/wp-content\/uploads\/2025\/02\/04_3-705x509.jpg);\" title=\"04_3\" ><\/div><\/div><\/figure><\/a><!--end av-masonry entry--><a href=\"https:\/\/www.gb-fashion.si\/wp-content\/uploads\/2025\/02\/6-1030x735.jpg\" id='av-masonry-1-item-1397' data-av-masonry-item='1397' class='av-masonry-entry isotope-item post-1397 attachment type-attachment status-inherit hentry  av-masonry-item-with-image av-grid-img' title=\"6\"  itemprop=\"thumbnailUrl\" ><div class='av-inner-masonry-sizer'><\/div><figure class='av-inner-masonry main_color'><div class=\"av-masonry-outerimage-container\"><div class=\"av-masonry-image-container\" style=\"background-image: url(https:\/\/www.gb-fashion.si\/wp-content\/uploads\/2025\/02\/6-705x503.jpg);\" title=\"6\" ><\/div><\/div><\/figure><\/a><!--end av-masonry entry--><a href=\"https:\/\/www.gb-fashion.si\/wp-content\/uploads\/2025\/02\/8-1030x605.jpg\" id='av-masonry-1-item-1398' data-av-masonry-item='1398' class='av-masonry-entry isotope-item post-1398 attachment type-attachment status-inherit hentry  av-masonry-item-with-image av-landscape-img' title=\"8\"  itemprop=\"thumbnailUrl\" ><div class='av-inner-masonry-sizer'><\/div><figure class='av-inner-masonry main_color'><div class=\"av-masonry-outerimage-container\"><div class=\"av-masonry-image-container\" style=\"background-image: url(https:\/\/www.gb-fashion.si\/wp-content\/uploads\/2025\/02\/8-705x414.jpg);\" title=\"8\" ><\/div><\/div><\/figure><\/a><!--end av-masonry entry--><a href=\"https:\/\/www.gb-fashion.si\/wp-content\/uploads\/2025\/02\/9-1030x762.jpg\" id='av-masonry-1-item-1399' data-av-masonry-item='1399' class='av-masonry-entry isotope-item post-1399 attachment type-attachment status-inherit hentry  av-masonry-item-with-image av-grid-img' title=\"9\"  itemprop=\"thumbnailUrl\" ><div class='av-inner-masonry-sizer'><\/div><figure class='av-inner-masonry main_color'><div class=\"av-masonry-outerimage-container\"><div class=\"av-masonry-image-container\" style=\"background-image: url(https:\/\/www.gb-fashion.si\/wp-content\/uploads\/2025\/02\/9-705x521.jpg);\" title=\"9\" ><\/div><\/div><\/figure><\/a><!--end av-masonry entry--><a href=\"https:\/\/www.gb-fashion.si\/wp-content\/uploads\/2025\/02\/casual-lookbook_02-1030x690.jpg\" id='av-masonry-1-item-1400' data-av-masonry-item='1400' class='av-masonry-entry isotope-item post-1400 attachment type-attachment status-inherit hentry  av-masonry-item-with-image av-grid-img' title=\"casual-lookbook_02\"  itemprop=\"thumbnailUrl\" ><div class='av-inner-masonry-sizer'><\/div><figure class='av-inner-masonry main_color'><div class=\"av-masonry-outerimage-container\"><div class=\"av-masonry-image-container\" style=\"background-image: url(https:\/\/www.gb-fashion.si\/wp-content\/uploads\/2025\/02\/casual-lookbook_02-705x472.jpg);\" title=\"casual-lookbook_02\" ><\/div><\/div><\/figure><\/a><!--end av-masonry entry--><a href=\"https:\/\/www.gb-fashion.si\/wp-content\/uploads\/2025\/02\/eng_-SS25-_-city-casual-lookbook-_03-1-1030x679.jpg\" id='av-masonry-1-item-1401' data-av-masonry-item='1401' class='av-masonry-entry isotope-item post-1401 attachment type-attachment status-inherit hentry  av-masonry-item-with-image av-grid-img' title=\"eng_-SS25-_-city-casual-lookbook-_03 (1)\"  itemprop=\"thumbnailUrl\" ><div class='av-inner-masonry-sizer'><\/div><figure class='av-inner-masonry main_color'><div class=\"av-masonry-outerimage-container\"><div class=\"av-masonry-image-container\" style=\"background-image: url(https:\/\/www.gb-fashion.si\/wp-content\/uploads\/2025\/02\/eng_-SS25-_-city-casual-lookbook-_03-1-705x465.jpg);\" title=\"eng_-SS25-_-city-casual-lookbook-_03 (1)\" ><\/div><\/div><\/figure><\/a><!--end av-masonry entry--><a href=\"https:\/\/www.gb-fashion.si\/wp-content\/uploads\/2025\/02\/eng_-SS25-_-city-casual-lookbook-_05-1030x678.jpg\" id='av-masonry-1-item-1402' data-av-masonry-item='1402' class='av-masonry-entry isotope-item post-1402 attachment type-attachment status-inherit hentry  av-masonry-item-with-image av-grid-img' title=\"eng_-SS25-_-city-casual-lookbook-_05\"  itemprop=\"thumbnailUrl\" ><div class='av-inner-masonry-sizer'><\/div><figure class='av-inner-masonry main_color'><div class=\"av-masonry-outerimage-container\"><div class=\"av-masonry-image-container\" style=\"background-image: url(https:\/\/www.gb-fashion.si\/wp-content\/uploads\/2025\/02\/eng_-SS25-_-city-casual-lookbook-_05-705x464.jpg);\" title=\"eng_-SS25-_-city-casual-lookbook-_05\" ><\/div><\/div><\/figure><\/a><!--end av-masonry entry--><a href=\"https:\/\/www.gb-fashion.si\/wp-content\/uploads\/2025\/02\/eng_-SS25-_-city-casual-lookbook-_08-1030x612.jpg\" id='av-masonry-1-item-1403' data-av-masonry-item='1403' class='av-masonry-entry isotope-item post-1403 attachment type-attachment status-inherit hentry  av-masonry-item-with-image av-grid-img' title=\"eng_-SS25-_-city-casual-lookbook-_08\"  itemprop=\"thumbnailUrl\" ><div class='av-inner-masonry-sizer'><\/div><figure class='av-inner-masonry main_color'><div class=\"av-masonry-outerimage-container\"><div class=\"av-masonry-image-container\" style=\"background-image: url(https:\/\/www.gb-fashion.si\/wp-content\/uploads\/2025\/02\/eng_-SS25-_-city-casual-lookbook-_08-705x419.jpg);\" title=\"eng_-SS25-_-city-casual-lookbook-_08\" ><\/div><\/div><\/figure><\/a><!--end av-masonry entry--><a href=\"https:\/\/www.gb-fashion.si\/wp-content\/uploads\/2025\/02\/eng_-SS25-_-city-casual-lookbook-_12-1030x673.jpg\" id='av-masonry-1-item-1404' data-av-masonry-item='1404' class='av-masonry-entry isotope-item post-1404 attachment type-attachment status-inherit hentry  av-masonry-item-with-image av-grid-img' title=\"eng_-SS25-_-city-casual-lookbook-_12\"  itemprop=\"thumbnailUrl\" ><div class='av-inner-masonry-sizer'><\/div><figure class='av-inner-masonry main_color'><div class=\"av-masonry-outerimage-container\"><div class=\"av-masonry-image-container\" style=\"background-image: url(https:\/\/www.gb-fashion.si\/wp-content\/uploads\/2025\/02\/eng_-SS25-_-city-casual-lookbook-_12-705x461.jpg);\" title=\"eng_-SS25-_-city-casual-lookbook-_12\" ><\/div><\/div><\/figure><\/a><!--end av-masonry entry--><\/div><\/div><\/div><\/div><!--close column table wrapper. Autoclose: 1 --><\/p>","protected":false},"excerpt":{"rendered":"<p>Big Star ponuja trendovska jeans obla\u010dila tako za mo\u0161ke kot \u017eenske. Showroom se nahaja na ulici Mirka Vadnova 14, 4000 Kranj.<\/p>","protected":false},"author":1,"featured_media":0,"parent":0,"menu_order":0,"comment_status":"closed","ping_status":"closed","template":"","meta":{"footnotes":""},"class_list":["post-1386","page","type-page","status-publish","hentry"],"yoast_head":"<!-- This site is optimized with the Yoast SEO plugin v24.4 - https:\/\/yoast.com\/wordpress\/plugins\/seo\/ -->\n<title>Volcano | Slovenija | GB Fashion<\/title>\n<meta name=\"description\" content=\"Big Star ponuja trendovska jeans obla\u010dila tako za mo\u0161ke kot \u017eenske. Showroom se nahaja na ulici Mirka Vadnova 14, 4000 Kranj. %\" \/>\n<meta name=\"robots\" content=\"index, follow, max-snippet:-1, max-image-preview:large, max-video-preview:-1\" \/>\n<link rel=\"canonical\" href=\"https:\/\/www.gb-fashion.si\/en\/volcano\/\" \/>\n<meta property=\"og:locale\" content=\"en_US\" \/>\n<meta property=\"og:type\" content=\"article\" \/>\n<meta property=\"og:title\" content=\"Volcano | Slovenija | GB Fashion\" \/>\n<meta property=\"og:description\" content=\"Big Star ponuja trendovska jeans obla\u010dila tako za mo\u0161ke kot \u017eenske. Showroom se nahaja na ulici Mirka Vadnova 14, 4000 Kranj. %\" \/>\n<meta property=\"og:url\" content=\"https:\/\/www.gb-fashion.si\/en\/volcano\/\" \/>\n<meta property=\"og:site_name\" content=\"GB Fashion\" \/>\n<meta property=\"article:modified_time\" content=\"2025-03-12T10:02:48+00:00\" \/>\n<meta name=\"twitter:card\" content=\"summary_large_image\" \/>\n<meta name=\"twitter:label1\" content=\"Est. reading time\" \/>\n\t<meta name=\"twitter:data1\" content=\"2 minutes\" \/>\n<script type=\"application\/ld+json\" class=\"yoast-schema-graph\">{\"@context\":\"https:\/\/schema.org\",\"@graph\":[{\"@type\":\"WebPage\",\"@id\":\"https:\/\/www.gb-fashion.si\/volcano\/\",\"url\":\"https:\/\/www.gb-fashion.si\/volcano\/\",\"name\":\"Volcano | Slovenija | GB Fashion\",\"isPartOf\":{\"@id\":\"https:\/\/www.gb-fashion.si\/#website\"},\"datePublished\":\"2025-02-19T07:21:11+00:00\",\"dateModified\":\"2025-03-12T10:02:48+00:00\",\"description\":\"Big Star ponuja trendovska jeans obla\u010dila tako za mo\u0161ke kot \u017eenske. Showroom se nahaja na ulici Mirka Vadnova 14, 4000 Kranj. %\",\"breadcrumb\":{\"@id\":\"https:\/\/www.gb-fashion.si\/volcano\/#breadcrumb\"},\"inLanguage\":\"en-US\",\"potentialAction\":[{\"@type\":\"ReadAction\",\"target\":[\"https:\/\/www.gb-fashion.si\/volcano\/\"]}]},{\"@type\":\"BreadcrumbList\",\"@id\":\"https:\/\/www.gb-fashion.si\/volcano\/#breadcrumb\",\"itemListElement\":[{\"@type\":\"ListItem\",\"position\":1,\"name\":\"Home\",\"item\":\"https:\/\/www.gb-fashion.si\/\"},{\"@type\":\"ListItem\",\"position\":2,\"name\":\"Volcano\"}]},{\"@type\":\"WebSite\",\"@id\":\"https:\/\/www.gb-fashion.si\/#website\",\"url\":\"https:\/\/www.gb-fashion.si\/\",\"name\":\"GB Fashion\",\"description\":\"Uvoznik za Exterra, Big Star in P.. S.. Fashion\",\"publisher\":{\"@id\":\"https:\/\/www.gb-fashion.si\/#organization\"},\"potentialAction\":[{\"@type\":\"SearchAction\",\"target\":{\"@type\":\"EntryPoint\",\"urlTemplate\":\"https:\/\/www.gb-fashion.si\/?s={search_term_string}\"},\"query-input\":{\"@type\":\"PropertyValueSpecification\",\"valueRequired\":true,\"valueName\":\"search_term_string\"}}],\"inLanguage\":\"en-US\"},{\"@type\":\"Organization\",\"@id\":\"https:\/\/www.gb-fashion.si\/#organization\",\"name\":\"GB Fashion\",\"url\":\"https:\/\/www.gb-fashion.si\/\",\"logo\":{\"@type\":\"ImageObject\",\"inLanguage\":\"en-US\",\"@id\":\"https:\/\/www.gb-fashion.si\/#\/schema\/logo\/image\/\",\"url\":\"https:\/\/www.gb-fashion.si\/wp-content\/uploads\/2019\/11\/fashion_logo-min-e1572945789797.jpg\",\"contentUrl\":\"https:\/\/www.gb-fashion.si\/wp-content\/uploads\/2019\/11\/fashion_logo-min-e1572945789797.jpg\",\"width\":272,\"height\":296,\"caption\":\"GB Fashion\"},\"image\":{\"@id\":\"https:\/\/www.gb-fashion.si\/#\/schema\/logo\/image\/\"}}]}<\/script>\n<!-- \/ Yoast SEO plugin. -->","yoast_head_json":{"title":"Volcano | Slovenija | GB Fashion","description":"Big Star ponuja trendovska jeans obla\u010dila tako za mo\u0161ke kot \u017eenske. Showroom se nahaja na ulici Mirka Vadnova 14, 4000 Kranj. %","robots":{"index":"index","follow":"follow","max-snippet":"max-snippet:-1","max-image-preview":"max-image-preview:large","max-video-preview":"max-video-preview:-1"},"canonical":"https:\/\/www.gb-fashion.si\/en\/volcano\/","og_locale":"en_US","og_type":"article","og_title":"Volcano | Slovenija | GB Fashion","og_description":"Big Star ponuja trendovska jeans obla\u010dila tako za mo\u0161ke kot \u017eenske. Showroom se nahaja na ulici Mirka Vadnova 14, 4000 Kranj. %","og_url":"https:\/\/www.gb-fashion.si\/en\/volcano\/","og_site_name":"GB Fashion","article_modified_time":"2025-03-12T10:02:48+00:00","twitter_card":"summary_large_image","twitter_misc":{"Est. reading time":"2 minutes"},"schema":{"@context":"https:\/\/schema.org","@graph":[{"@type":"WebPage","@id":"https:\/\/www.gb-fashion.si\/volcano\/","url":"https:\/\/www.gb-fashion.si\/volcano\/","name":"Volcano | Slovenija | GB Fashion","isPartOf":{"@id":"https:\/\/www.gb-fashion.si\/#website"},"datePublished":"2025-02-19T07:21:11+00:00","dateModified":"2025-03-12T10:02:48+00:00","description":"Big Star ponuja trendovska jeans obla\u010dila tako za mo\u0161ke kot \u017eenske. Showroom se nahaja na ulici Mirka Vadnova 14, 4000 Kranj. %","breadcrumb":{"@id":"https:\/\/www.gb-fashion.si\/volcano\/#breadcrumb"},"inLanguage":"en-US","potentialAction":[{"@type":"ReadAction","target":["https:\/\/www.gb-fashion.si\/volcano\/"]}]},{"@type":"BreadcrumbList","@id":"https:\/\/www.gb-fashion.si\/volcano\/#breadcrumb","itemListElement":[{"@type":"ListItem","position":1,"name":"Home","item":"https:\/\/www.gb-fashion.si\/"},{"@type":"ListItem","position":2,"name":"Volcano"}]},{"@type":"WebSite","@id":"https:\/\/www.gb-fashion.si\/#website","url":"https:\/\/www.gb-fashion.si\/","name":"GB Fashion","description":"Uvoznik za Exterra, Big Star in P.. S.. Fashion","publisher":{"@id":"https:\/\/www.gb-fashion.si\/#organization"},"potentialAction":[{"@type":"SearchAction","target":{"@type":"EntryPoint","urlTemplate":"https:\/\/www.gb-fashion.si\/?s={search_term_string}"},"query-input":{"@type":"PropertyValueSpecification","valueRequired":true,"valueName":"search_term_string"}}],"inLanguage":"en-US"},{"@type":"Organization","@id":"https:\/\/www.gb-fashion.si\/#organization","name":"GB Fashion","url":"https:\/\/www.gb-fashion.si\/","logo":{"@type":"ImageObject","inLanguage":"en-US","@id":"https:\/\/www.gb-fashion.si\/#\/schema\/logo\/image\/","url":"https:\/\/www.gb-fashion.si\/wp-content\/uploads\/2019\/11\/fashion_logo-min-e1572945789797.jpg","contentUrl":"https:\/\/www.gb-fashion.si\/wp-content\/uploads\/2019\/11\/fashion_logo-min-e1572945789797.jpg","width":272,"height":296,"caption":"GB Fashion"},"image":{"@id":"https:\/\/www.gb-fashion.si\/#\/schema\/logo\/image\/"}}]}},"_links":{"self":[{"href":"https:\/\/www.gb-fashion.si\/en\/wp-json\/wp\/v2\/pages\/1386","targetHints":{"allow":["GET"]}}],"collection":[{"href":"https:\/\/www.gb-fashion.si\/en\/wp-json\/wp\/v2\/pages"}],"about":[{"href":"https:\/\/www.gb-fashion.si\/en\/wp-json\/wp\/v2\/types\/page"}],"author":[{"embeddable":true,"href":"https:\/\/www.gb-fashion.si\/en\/wp-json\/wp\/v2\/users\/1"}],"replies":[{"embeddable":true,"href":"https:\/\/www.gb-fashion.si\/en\/wp-json\/wp\/v2\/comments?post=1386"}],"version-history":[{"count":3,"href":"https:\/\/www.gb-fashion.si\/en\/wp-json\/wp\/v2\/pages\/1386\/revisions"}],"predecessor-version":[{"id":1467,"href":"https:\/\/www.gb-fashion.si\/en\/wp-json\/wp\/v2\/pages\/1386\/revisions\/1467"}],"wp:attachment":[{"href":"https:\/\/www.gb-fashion.si\/en\/wp-json\/wp\/v2\/media?parent=1386"}],"curies":[{"name":"wp","href":"https:\/\/api.w.org\/{rel}","templated":true}]}}